{"id":21,"date":"2009-02-02T10:17:52","date_gmt":"2009-02-02T09:17:52","guid":{"rendered":"http:\/\/velocanauxdodo.free.fr\/?page_id=21"},"modified":"2021-09-22T05:54:05","modified_gmt":"2021-09-22T04:54:05","slug":"canal-dorleans","status":"publish","type":"page","link":"http:\/\/www.velocanauxdodo.fr\/?page_id=21","title":{"rendered":"Canal d&rsquo;Orl\u00e9ans"},"content":{"rendered":"<p>Canal ferm\u00e9 \u00e0 la navigation, vous serez charm\u00e9s par son aspect sauvage: n\u00e9nuphars, canards, oies, cygnes, h\u00e9rons&#8230;<\/p>\n<p>Le halage est praticable sur toute la longueur.<img loading=\"lazy\" decoding=\"async\" class=\"alignright size-medium wp-image-219\" title=\"orl-ph1\" src=\"\/wp-content\/uploads\/orl-ph1-300x200.jpg\" alt=\"orl-ph1\" width=\"300\" height=\"200\" srcset=\"http:\/\/www.velocanauxdodo.fr\/wp-content\/uploads\/orl-ph1-300x200.jpg 300w, http:\/\/www.velocanauxdodo.fr\/wp-content\/uploads\/orl-ph1.jpg 448w\" sizes=\"auto, (max-width: 300px) 100vw, 300px\" \/><\/p>\n<p>Id\u00e9al pour l&rsquo;entrainement (&#8230; des Parisiens!). A 1H de la capitale soit au d\u00e9part de Montargis, soit d&rsquo;Orl\u00e9ans.<\/p>\n<p>Pour s&rsquo;y rendre en voiture:<\/p>\n<ul>\n<li>A Montagis, on peut d\u00e9marrer de Buges \u00e0 l&#8217;embranchement des canaux du Loing et d&rsquo;Orl\u00e9ans: petit parking sur la rue Robert Pichon qui donne sur le canal, tout pr\u00e9s de l&rsquo;ancienne usine.<\/li>\n<li>A Orl\u00e9ans, on peut d\u00e9marrer de Combleux, parking rue aux Vaches qui donne sur le halage.<\/li>\n<\/ul>\n<p>En train il est possible de faire Paris&#x2194;Orl\u00e9ans et Paris&#x2194;Montargis. Pour Orl\u00e9ans&#x2194;Montargis, pas de train mais les autocars du r\u00e9seau du Conseil G\u00e9n\u00e9ral du Loiret <a href=\"http:\/\/www.ulys-loiret.com\/\" target=\"_blank\" rel=\"noopener\">Ulys<\/a>&nbsp;: Ligne 6 Orl\u00e9ans-Chateauneuf-Montargis. Ils prennent les v\u00e9los en soute s&rsquo;il y a de la place (bagages prioritaires), donc \u00e9viter les heures d&rsquo;affluence (vendredi soir par exemple).<\/p>\n<h2>Id\u00e9es d&rsquo;itin\u00e9raires<\/h2>\n<h3>Buges\u2192Grignon\u2192Buges (55km) fait le 27 Ao\u00fbt 2006<\/h3>\n<p>Itin\u00e9raire d&rsquo;entrainement sur le halage. La partie la plus belle et sauvage du canal.<\/p>\n<p>Demi-tour \u00e0 Grignon. La beaut\u00e9 du lieu, le port, l&rsquo;\u00e9chelle d&rsquo;\u00e9cluse, les arbres centenaires incitent \u00e0 poser le pied.<\/p>\n<h3>Combleux\u2192Grignon puis Grignon\u2192Combleux (99km) fait les 16 et 17 septembre 2006<\/h3>\n<div id=\"attachment_218\" style=\"width: 160px\" class=\"wp-caption alignright\"><a href=\"\/wp-content\/uploads\/orl-var1.jpg\" target=\"_blank\" rel=\"noopener\"><img loading=\"lazy\" decoding=\"async\" aria-describedby=\"caption-attachment-218\" class=\"size-thumbnail wp-image-218 \" title=\"orl-var1\" src=\"\/wp-content\/uploads\/orl-var1-150x150.jpg\" alt=\"orl-var1\" width=\"150\" height=\"150\"><\/a><p id=\"caption-attachment-218\" class=\"wp-caption-text\">Variantes Combleux Grignon<\/p><\/div>\n<p>Itin\u00e9raire d&rsquo;entrainement sur le halage et quelques variantes.<\/p>\n<p>A Grignon il est possible de d\u00e9couvrir la <a href=\"http:\/\/www.velocanauxdodo.fr\/?page_id=7600\">rigole de Courpalet<\/a> qui alimente le canal.<\/p>\n<p>&nbsp;<del>Pour les semi-courageux qui suivent le canal en totalit\u00e9 en 2 jours ou pour ceux qui ne feraient qu&rsquo;un aller-retour, une pause sympa en <a href=\"http:\/\/www.france-voyage.com\/chambres-hotes\/chambre-maison-vieilles-maisons-sur-joudry-38274.htm\" target=\"_blank\" rel=\"noopener\">chambre d\u2019h\u00f4tes \u00e0 Grignon<\/a> situ\u00e9e au 164 route de Grignon, sur la commune de Vieilles-Maisons pr\u00e8s des 3 \u00e9cluses. Le chemin de halage longe le jardin, ce qui en fait une halte sans d\u00e9placement suppl\u00e9mentaire. Table d\u2019h\u00f4tes sur r\u00e9servation. Bon accueil, bonne table, belle chambre et petit d\u00e9jeuner copieux.<\/del><\/p>\n<ul>\n<li><del>N\u00b0 tel:02 38 92 46 45&nbsp;&nbsp;&nbsp;&nbsp; <\/del><del>Courriel :martine.gerberon@gmail.com<\/del><\/li>\n<\/ul>\n<p><del>Martine Gerberon a pris sa retraite. Il y a une nouvelle chambre d&rsquo;h\u00f4tes non pas au 164 route de Grignon mais \u00e0 c\u00f4t\u00e9, au bord du canal au 2 Route de Chatenoy. Le nom de l\u2019\u00c9tablissement est <a href=\"http:\/\/www.lechappeebelledegrignon.fr\" target=\"_blank\" rel=\"noopener\">L\u2019\u00c9chapp\u00e9e Belle<\/a> (02.38.87.75.87).<\/del><\/p>\n<p>Sept 2021: Il semblerait qu&rsquo;il n&rsquo;y ai plus d&rsquo;h\u00e9bergement \u00e0 Grignon, mais l&rsquo;ancienne auberge est restaur\u00e9 par le d\u00e9partement pour en faire une halte d&rsquo;accueil du canal.&nbsp;<a href=\"https:\/\/www.gitedespotes.com\/\" target=\"_blank\" rel=\"noopener\">Gite des Potes<\/a>&nbsp;\u00e0 Lorris.<\/p>\n<h2>Le parcours<\/h2>\n<p>Ci dessous la trace du parcours. A vous de jouer.<\/p>\n<p><center>[map kml=\u00a0\u00bbhttp:\/\/www.velocanauxdodo.fr\/wp-content\/gpstraces\/orleans220921-2.kml\u00a0\u00bb style=\u00a0\u00bbwidth:auto; height:400px; border:2px solid black; margin:20px 0px 20px 0px;\u00a0\u00bb z=\u00a0\u00bb10&Prime;]<\/center>Les donn\u00e9es GPS compl\u00e8tes: Routes, Traces, points d&rsquo;int\u00e9r\u00eats sont disponibles dans le menu <a href=\"\/?page_id=262\">t\u00e9l\u00e9chargements<\/a><\/p>\n<h2>La documentation:<\/h2>\n<p><div class=\"note\"><div class=\"noteclassic\">Pas grand chose et pour cause le canal est en cours de r\u00e9habilitation.<\/p>\n<p><a href=\"http:\/\/www.loiret.com\/cgloiret\/index.php?page=display&amp;class=dossier&amp;object=r82_canal&amp;method=i_display_full\" target=\"_blank\" rel=\"noopener\">Conseil g\u00e9n\u00e9ral du Loiret<\/a><\/p>\n<p><a href=\"http:\/\/anco.pagespro-orange.fr\/\" target=\"_blank\" rel=\"noopener\">A.N.C.O<\/a><\/p>\n<p>Sur le site de la <a href=\"http:\/\/transeuropeenne.free.fr\/balade%20canal%20orleans.html\" target=\"_blank\" rel=\"noopener\">Transeurop\u00e9enne<\/a>.<\/p>\n<p><\/div><\/div><\/p>\n<\/p>\n<h2>photos<\/h2>\n<p>ngg_shortcode_0_placeholder<\/p>\n<p>\n<p style=\"text-align: right;\"><a href=\"http:\/\/www.velocanauxdodo.fr\/?page_id=21&amp;print=1\" title=\"Imprimer cet article\" rel=\"nofollow\"><img decoding=\"async\" class=\"WP-PrintIcon\" src=\"http:\/\/www.velocanauxdodo.fr\/wp-content\/plugins\/wp-print\/images\/print.gif\" alt=\"Imprimer cet article\" title=\"Imprimer cet article\" style=\"border: 0px;\" \/><\/a>&nbsp;<a href=\"http:\/\/www.velocanauxdodo.fr\/?page_id=21&amp;print=1\" title=\"Imprimer cet article\" rel=\"nofollow\">Imprimer cet article<\/a><\/p>\n","protected":false},"excerpt":{"rendered":"<p>Canal ferm\u00e9 \u00e0 la navigation, vous serez charm\u00e9s par son aspect sauvage: n\u00e9nuphars, canards, oies, cygnes, h\u00e9rons&#8230;<\/p>\n<p>Le halage est praticable sur toute la longueur.<\/p>\n<p>Id\u00e9al pour l&rsquo;entrainement (&#8230; des Parisiens!). A 1H de la capitale soit au d\u00e9part de Montargis, soit d&rsquo;Orl\u00e9ans.<\/p>\n<p>Pour s&rsquo;y rendre en voiture:<\/p>\n<p> A Montagis, on peut d\u00e9marrer de Buges [&#8230;]<\/p>\n","protected":false},"author":3,"featured_media":0,"parent":179,"menu_order":0,"comment_status":"open","ping_status":"open","template":"","meta":{"ngg_post_thumbnail":0,"footnotes":""},"class_list":["post-21","page","type-page","status-publish","hentry","odd"],"_links":{"self":[{"href":"http:\/\/www.velocanauxdodo.fr\/index.php?rest_route=\/wp\/v2\/pages\/21","targetHints":{"allow":["GET"]}}],"collection":[{"href":"http:\/\/www.velocanauxdodo.fr\/index.php?rest_route=\/wp\/v2\/pages"}],"about":[{"href":"http:\/\/www.velocanauxdodo.fr\/index.php?rest_route=\/wp\/v2\/types\/page"}],"author":[{"embeddable":true,"href":"http:\/\/www.velocanauxdodo.fr\/index.php?rest_route=\/wp\/v2\/users\/3"}],"replies":[{"embeddable":true,"href":"http:\/\/www.velocanauxdodo.fr\/index.php?rest_route=%2Fwp%2Fv2%2Fcomments&post=21"}],"version-history":[{"count":46,"href":"http:\/\/www.velocanauxdodo.fr\/index.php?rest_route=\/wp\/v2\/pages\/21\/revisions"}],"predecessor-version":[{"id":7683,"href":"http:\/\/www.velocanauxdodo.fr\/index.php?rest_route=\/wp\/v2\/pages\/21\/revisions\/7683"}],"up":[{"embeddable":true,"href":"http:\/\/www.velocanauxdodo.fr\/index.php?rest_route=\/wp\/v2\/pages\/179"}],"wp:attachment":[{"href":"http:\/\/www.velocanauxdodo.fr\/index.php?rest_route=%2Fwp%2Fv2%2Fmedia&parent=21"}],"curies":[{"name":"wp","href":"https:\/\/api.w.org\/{rel}","templated":true}]}}