{"id":257,"date":"2009-02-16T15:14:33","date_gmt":"2009-02-16T14:14:33","guid":{"rendered":"http:\/\/velocanauxdodo.free.fr\/?page_id=257"},"modified":"2014-03-27T18:53:56","modified_gmt":"2014-03-27T17:53:56","slug":"photos","status":"publish","type":"page","link":"http:\/\/www.velocanauxdodo.fr\/?page_id=257","title":{"rendered":"Photos"},"content":{"rendered":"<h2>Toutes les photos:<\/h2>\n<h3>Les randonn\u00e9es \u00e0 v\u00e9lo<\/h3>\nngg_shortcode_0_placeholder\n<h3>Les ouvrages d&rsquo;art<\/h3>\nngg_shortcode_1_placeholder\n<h3>Les croisi\u00e8res<\/h3>\nngg_shortcode_2_placeholder\n<p>&nbsp;<\/p>\n","protected":false},"excerpt":{"rendered":"<p>Toutes les photos: Les randonn\u00e9es \u00e0 v\u00e9lo ngg_shortcode_3_placeholder Les ouvrages d&rsquo;art ngg_shortcode_4_placeholder Les croisi\u00e8res ngg_shortcode_5_placeholder <\/p>\n<p>&nbsp;<\/p>\n","protected":false},"author":3,"featured_media":0,"parent":0,"menu_order":7,"comment_status":"closed","ping_status":"closed","template":"","meta":{"ngg_post_thumbnail":0,"footnotes":""},"class_list":["post-257","page","type-page","status-publish","hentry","odd"],"_links":{"self":[{"href":"http:\/\/www.velocanauxdodo.fr\/index.php?rest_route=\/wp\/v2\/pages\/257","targetHints":{"allow":["GET"]}}],"collection":[{"href":"http:\/\/www.velocanauxdodo.fr\/index.php?rest_route=\/wp\/v2\/pages"}],"about":[{"href":"http:\/\/www.velocanauxdodo.fr\/index.php?rest_route=\/wp\/v2\/types\/page"}],"author":[{"embeddable":true,"href":"http:\/\/www.velocanauxdodo.fr\/index.php?rest_route=\/wp\/v2\/users\/3"}],"replies":[{"embeddable":true,"href":"http:\/\/www.velocanauxdodo.fr\/index.php?rest_route=%2Fwp%2Fv2%2Fcomments&post=257"}],"version-history":[{"count":13,"href":"http:\/\/www.velocanauxdodo.fr\/index.php?rest_route=\/wp\/v2\/pages\/257\/revisions"}],"predecessor-version":[{"id":3293,"href":"http:\/\/www.velocanauxdodo.fr\/index.php?rest_route=\/wp\/v2\/pages\/257\/revisions\/3293"}],"wp:attachment":[{"href":"http:\/\/www.velocanauxdodo.fr\/index.php?rest_route=%2Fwp%2Fv2%2Fmedia&parent=257"}],"curies":[{"name":"wp","href":"https:\/\/api.w.org\/{rel}","templated":true}]}}