{"id":2588,"date":"2013-05-29T07:41:25","date_gmt":"2013-05-29T06:41:25","guid":{"rendered":"http:\/\/www.velocanauxdodo.fr\/?page_id=2588"},"modified":"2021-05-16T10:56:01","modified_gmt":"2021-05-16T09:56:01","slug":"canal-de-la-robine","status":"publish","type":"page","link":"http:\/\/www.velocanauxdodo.fr\/?page_id=2588","title":{"rendered":"Canal de la Robine"},"content":{"rendered":"<p style=\"text-align: right;\"><img loading=\"lazy\" decoding=\"async\" class=\"alignleft size-medium wp-image-2596\" title=\"20130502095800-img_4306\" src=\"\/wp-content\/uploads\/20130502095800-img_4306-300x189.jpg\" alt=\"20130502095800-img_4306\" width=\"240\" height=\"151\" srcset=\"http:\/\/www.velocanauxdodo.fr\/wp-content\/uploads\/20130502095800-img_4306-300x189.jpg 300w, http:\/\/www.velocanauxdodo.fr\/wp-content\/uploads\/20130502095800-img_4306.jpg 448w\" sizes=\"auto, (max-width: 240px) 100vw, 240px\" \/><a href=\"http:\/\/www.velocanauxdodo.fr\/?page_id=2588&amp;print=1\" title=\"Imprimer cet article\" rel=\"nofollow\"><img decoding=\"async\" class=\"WP-PrintIcon\" src=\"http:\/\/www.velocanauxdodo.fr\/wp-content\/plugins\/wp-print\/images\/print.gif\" alt=\"Imprimer cet article\" title=\"Imprimer cet article\" style=\"border: 0px;\" \/><\/a>&nbsp;<a href=\"http:\/\/www.velocanauxdodo.fr\/?page_id=2588&amp;print=1\" title=\"Imprimer cet article\" rel=\"nofollow\">Imprimer cet article<\/a><\/p>\n<p><strong>Les 2 et 5 mai 2013 de l&#8217;embranchement du canal du Midi (\u00e0 2km du Somail) &nbsp;\u00e0 Port la Nouvelle.<\/strong><\/p>\n<h2>L&rsquo;itin\u00e9raire:<\/h2>\n<p>En suivant le halage, 2 \u00e9tapes, (en aller et retour)&nbsp;du <a href=\"\/?page_id=508\">canal du Midi<\/a> \u00e0 Narbonne puis de Narbonne \u00e0 Port-la-Nouvelle&nbsp; avec un camp de base \u00e0 Narbonne. Train possible entre Narbonne et Port-la-Nouvelle.<\/p>\n<p>&nbsp;<\/p>\n<h2>Les \u00e9tapes:<\/h2>\n<h3>Narbonne:<img loading=\"lazy\" decoding=\"async\" class=\"alignright wp-image-2595 size-medium\" title=\"20130501155209-img_4298\" src=\"http:\/\/www.velocanauxdodo.fr\/wp-content\/uploads\/20130501155209-img_4298-e1427979877799-300x199.jpg\" alt=\"20130501155209-img_4298\" width=\"300\" height=\"199\" srcset=\"http:\/\/www.velocanauxdodo.fr\/wp-content\/uploads\/20130501155209-img_4298-e1427979877799-300x199.jpg 300w, http:\/\/www.velocanauxdodo.fr\/wp-content\/uploads\/20130501155209-img_4298-e1427979877799-150x99.jpg 150w, http:\/\/www.velocanauxdodo.fr\/wp-content\/uploads\/20130501155209-img_4298-e1427979877799-400x266.jpg 400w, http:\/\/www.velocanauxdodo.fr\/wp-content\/uploads\/20130501155209-img_4298-e1427979877799.jpg 448w\" sizes=\"auto, (max-width: 300px) 100vw, 300px\" \/><\/h3>\n<p>Le canal passe au coeur de la ville et m\u00eame sous les maisons. Les abords du canal sont, dans le centre, en cours d&rsquo;am\u00e9nagement mais il est d\u00e9j\u00e0 possible de traverser toute l&rsquo;agglom\u00e9ration en \u00e9tant au bord de l&rsquo;eau.<\/p>\n<p><img loading=\"lazy\" decoding=\"async\" class=\"size-full wp-image-313 alignleft\" title=\"oui\" src=\"\/wp-content\/uploads\/oui.gif\" alt=\"oui\" width=\"50\" height=\"49\"><\/p>\n<p>Camping <a href=\"http:\/\/campinglesfloralys.com\/\" target=\"_blank\" rel=\"noopener\">Les Floralys<\/a>&nbsp;: A 2 km au sud de Narbonne, un petit camp familial et sympa avec un acc\u00e8s direct au chemin de halage.<\/p>\n<p>&nbsp;<\/p>\n<h3>Canal du midi \u2192 Narbonne (40km A\/R):<\/h3>\n<p><img loading=\"lazy\" decoding=\"async\" class=\"alignleft size-full wp-image-2601\" title=\"20130502114709-img_4326\" src=\"\/wp-content\/uploads\/20130502114709-img_4326.jpg\" alt=\"20130502114709-img_4326\" width=\"403\" height=\"246\" srcset=\"http:\/\/www.velocanauxdodo.fr\/wp-content\/uploads\/20130502114709-img_4326.jpg 448w, http:\/\/www.velocanauxdodo.fr\/wp-content\/uploads\/20130502114709-img_4326-300x182.jpg 300w\" sizes=\"auto, (max-width: 403px) 100vw, 403px\" \/>Les pins qui bordent le canal de liaison entre l&#8217;embranchement du canal du Midi et l&rsquo;Aude donnent au canal de la Robine un aspect tr\u00e8s m\u00e9ridional, justifi\u00e9 d&rsquo;ailleurs par sa position la plus au sud.<\/p>\n<p>La travers\u00e9e de l&rsquo;Aude est assez d\u00e9licate. Comme indiqu\u00e9 dans le guide n\u00b01, 2 solutions: la premi\u00e8re consiste depuis l&rsquo;\u00e9cluse de Saleilles&nbsp;\u00e0 se diriger vers Cuxac, puis prendre la D13 jusqu&rsquo;\u00e0 l&rsquo;\u00e9cluse de Raonel. Mais c&rsquo;est louper l&rsquo;\u00e9cluse de Gailhousty et le \u00ab\u00a0carrefour\u00a0\u00bb entre l&rsquo;Aude et le canal. L&rsquo;autre solution est de traverser sur le point de chemin de fer, c&rsquo;est sportif et interdit! mais tellement plus beau.<\/p>\n<p>On est alors sur le canal de la Robine proprement dit qui prend alors un aspect de canal du midi en miniature jusqu&rsquo;\u00e0 Narbonne.<\/p>\n<p>&nbsp;<\/p>\n<h3>Narbonne \u2192 Port-la-Nouvelle (40km A\/R):<\/h3>\n<p><img loading=\"lazy\" decoding=\"async\" class=\"alignright size-full wp-image-2605\" title=\"20130503112014-img_4381\" src=\"\/wp-content\/uploads\/20130503112014-img_4381.jpg\" alt=\"20130503112014-img_4381\" width=\"448\" height=\"177\" srcset=\"http:\/\/www.velocanauxdodo.fr\/wp-content\/uploads\/20130503112014-img_4381.jpg 448w, http:\/\/www.velocanauxdodo.fr\/wp-content\/uploads\/20130503112014-img_4381-300x118.jpg 300w\" sizes=\"auto, (max-width: 448px) 100vw, 448px\" \/>Cette partie du canal est plus sauvage et sans arbre et vous y serez probablement, comme nous, accompagn\u00e9s de la tramontane. La majeure partie du canal serpente entre les \u00e9tangs puis c&rsquo;est l&rsquo;arriv\u00e9e sur Port-la-Nouvelle. Oubliez la zone portuaire et admirez devant vous les Pyr\u00e9n\u00e9es enneig\u00e9s.<\/p>\n<h2>Le parcours<\/h2>\n<p>Ci dessous la trace du parcours.<br \/>\nLa trace est&nbsp;disponibles dans le menu <a href=\"\/?page_id=262\">t\u00e9l\u00e9chargements<\/a>.<\/p>\n<p><center>[map kml=\u00a0\u00bbhttp:\/\/www.velocanauxdodo.fr\/wp-content\/gpstraces\/robine.kmz\u00a0\u00bb style=\u00a0\u00bbwidth:400px; height:750px; border:2px solid black; margin:20px 20px 20px 20px;\u00a0\u00bb z=\u00a0\u00bb11&Prime;]<\/center><center>&nbsp;<\/center><\/p>\n<h2>La documentation:<\/h2>\n<p><div class=\"note\"><div class=\"noteclassic\"><\/p>\n<p>Rien de sp\u00e9cifique, le canal de la Robine est d\u00e9crit dans les ouvrages sur le canal du midi (<a href=\"\/?page_id=508\">voir page<\/a>).<\/p>\n<p>Guide n\u00b01 par J. Savary et J. Boiveau de l&rsquo;association <a href=\"http:\/\/toulousevelo.free.fr\/spip.php?article326\" target=\"_blank\" rel=\"noopener\">VELO-Toulouse.<\/a><\/p>\n<p><\/div><\/div><\/p>\n<\/p>\n<h2>Photos<\/h2>\n<p>&nbsp;<\/p>\n<p>ngg_shortcode_0_placeholder&nbsp;<\/p>\n<p>&nbsp;<\/p>\n<p>\n<p style=\"text-align: right;\"><a href=\"http:\/\/www.velocanauxdodo.fr\/?page_id=2588&amp;print=1\" title=\"Imprimer cet article\" rel=\"nofollow\"><img decoding=\"async\" class=\"WP-PrintIcon\" src=\"http:\/\/www.velocanauxdodo.fr\/wp-content\/plugins\/wp-print\/images\/print.gif\" alt=\"Imprimer cet article\" title=\"Imprimer cet article\" style=\"border: 0px;\" \/><\/a>&nbsp;<a href=\"http:\/\/www.velocanauxdodo.fr\/?page_id=2588&amp;print=1\" title=\"Imprimer cet article\" rel=\"nofollow\">Imprimer cet article<\/a><\/p>\n","protected":false},"excerpt":{"rendered":"<p style=\"text-align: right;\">&nbsp;Imprimer cet article<\/p>\n<p>Les 2 et 5 mai 2013 de l&#8217;embranchement du canal du Midi (\u00e0 2km du Somail) &nbsp;\u00e0 Port la Nouvelle.<\/p>\n<p> L&rsquo;itin\u00e9raire: <\/p>\n<p>En suivant le halage, 2 \u00e9tapes, (en aller et retour)&nbsp;du canal du Midi \u00e0 Narbonne puis de Narbonne \u00e0 Port-la-Nouvelle&nbsp; avec un camp de base \u00e0 Narbonne. Train possible [&#8230;]<\/p>\n","protected":false},"author":2,"featured_media":0,"parent":179,"menu_order":0,"comment_status":"open","ping_status":"open","template":"","meta":{"ngg_post_thumbnail":0,"footnotes":""},"class_list":["post-2588","page","type-page","status-publish","hentry","odd"],"_links":{"self":[{"href":"http:\/\/www.velocanauxdodo.fr\/index.php?rest_route=\/wp\/v2\/pages\/2588","targetHints":{"allow":["GET"]}}],"collection":[{"href":"http:\/\/www.velocanauxdodo.fr\/index.php?rest_route=\/wp\/v2\/pages"}],"about":[{"href":"http:\/\/www.velocanauxdodo.fr\/index.php?rest_route=\/wp\/v2\/types\/page"}],"author":[{"embeddable":true,"href":"http:\/\/www.velocanauxdodo.fr\/index.php?rest_route=\/wp\/v2\/users\/2"}],"replies":[{"embeddable":true,"href":"http:\/\/www.velocanauxdodo.fr\/index.php?rest_route=%2Fwp%2Fv2%2Fcomments&post=2588"}],"version-history":[{"count":31,"href":"http:\/\/www.velocanauxdodo.fr\/index.php?rest_route=\/wp\/v2\/pages\/2588\/revisions"}],"predecessor-version":[{"id":7220,"href":"http:\/\/www.velocanauxdodo.fr\/index.php?rest_route=\/wp\/v2\/pages\/2588\/revisions\/7220"}],"up":[{"embeddable":true,"href":"http:\/\/www.velocanauxdodo.fr\/index.php?rest_route=\/wp\/v2\/pages\/179"}],"wp:attachment":[{"href":"http:\/\/www.velocanauxdodo.fr\/index.php?rest_route=%2Fwp%2Fv2%2Fmedia&parent=2588"}],"curies":[{"name":"wp","href":"https:\/\/api.w.org\/{rel}","templated":true}]}}