{"id":262,"date":"2009-02-16T16:41:38","date_gmt":"2009-02-16T15:41:38","guid":{"rendered":"http:\/\/velocanauxdodo.free.fr\/?page_id=262"},"modified":"2018-08-21T06:16:59","modified_gmt":"2018-08-21T05:16:59","slug":"fichiers","status":"publish","type":"page","link":"http:\/\/www.velocanauxdodo.fr\/?page_id=262","title":{"rendered":"T\u00e9l\u00e9chargements"},"content":{"rendered":"<p><img loading=\"lazy\" decoding=\"async\" width=\"399\" height=\"450\" title=\"upload\" class=\"alignright size-medium wp-image-1682\" alt=\"upload\" src=\"\/wp-content\/uploads\/upload-266x300.jpg\" srcset=\"http:\/\/www.velocanauxdodo.fr\/wp-content\/uploads\/upload-266x300.jpg 266w, http:\/\/www.velocanauxdodo.fr\/wp-content\/uploads\/upload.jpg 712w\" sizes=\"auto, (max-width: 399px) 100vw, 399px\" \/><\/p>\n<h3><span style=\"font-family: Consolas;\">Les routes (et les traces);<\/span><\/h3>\n<p style=\"padding-left: 30px;\">pour votre GPS ou logiciel de cartographie:&nbsp;<u><span style=\"color: #000120;\"><a href=\"http:\/\/www.garmin.com\/fr-FR\/shop\/downloads\/basecamp\" target=\"_blank\" rel=\"noopener\"> Garmin Basecamp<\/a>,<\/span><\/u> <a href=\"http:\/\/maps.google.fr\/\" target=\"_blank\" rel=\"noopener noreferrer\">GoogleMap<\/a>, etc&#8230;<\/p>\n<p>Fichiers .zip contenant les donn\u00e9es aux formats&nbsp; .gpx (et .mmo, .csv).<\/p>\n<p><span style=\"font-family: Consolas;\"><ul class=\"dlm-downloads\"><li><a  data-e-Disable-Page-Transition=\"true\" class=\"download-link\" title=\"\" href=\"http:\/\/www.velocanauxdodo.fr?download=6993&amp;tmstv=1778313416\" rel=\"nofollow\" id=\"download-link-6993\" data-redirect=\"false\" >\n\tCanal du Rh\u00f4ne \u00e0 S\u00e8te\t(2358 t\u00e9l\u00e9chargements\t)\n<\/a>\n<\/li><li><a  data-e-Disable-Page-Transition=\"true\" class=\"download-link\" title=\"\" href=\"http:\/\/www.velocanauxdodo.fr?download=6878&amp;tmstv=1778313416\" rel=\"nofollow\" id=\"download-link-6878\" data-redirect=\"false\" >\n\tV\u00e9loroute de la vall\u00e9e du Lot\t(1632 t\u00e9l\u00e9chargements\t)\n<\/a>\n<\/li><li><a  data-e-Disable-Page-Transition=\"true\" class=\"download-link\" title=\"\" href=\"http:\/\/www.velocanauxdodo.fr?download=6778&amp;tmstv=1778313416\" rel=\"nofollow\" id=\"download-link-6778\" data-redirect=\"false\" >\n\tLes sources de la Bi\u00e8vres\t(1642 t\u00e9l\u00e9chargements\t)\n<\/a>\n<\/li><li><a  data-e-Disable-Page-Transition=\"true\" class=\"download-link\" title=\"\" href=\"http:\/\/www.velocanauxdodo.fr?download=6748&amp;tmstv=1778313416\" rel=\"nofollow\" id=\"download-link-6748\" data-redirect=\"false\" >\n\tAncienne voie ferr\u00e9e de la plaine d'Al\u00e9ria\t(1568 t\u00e9l\u00e9chargements\t)\n<\/a>\n<\/li><li><a  data-e-Disable-Page-Transition=\"true\" class=\"download-link\" title=\"\" href=\"http:\/\/www.velocanauxdodo.fr?download=6622&amp;tmstv=1778313416\" rel=\"nofollow\" id=\"download-link-6622\" data-redirect=\"false\" >\n\tLa V\u00e9losc\u00e9nie\t(1758 t\u00e9l\u00e9chargements\t)\n<\/a>\n<\/li><li><a  data-e-Disable-Page-Transition=\"true\" class=\"download-link\" title=\"Version 1\" href=\"http:\/\/www.velocanauxdodo.fr?download=6246&amp;tmstv=1778313416\" rel=\"nofollow\" id=\"download-link-6246\" data-redirect=\"false\" >\n\tEV4 + V7 Bretonne St-Malo Roscoff Concarneau\t(1871 t\u00e9l\u00e9chargements\t)\n<\/a>\n<\/li><li><a  data-e-Disable-Page-Transition=\"true\" class=\"download-link\" title=\"\" href=\"http:\/\/www.velocanauxdodo.fr?download=6110&amp;tmstv=1778313416\" rel=\"nofollow\" id=\"download-link-6110\" data-redirect=\"false\" >\n\tV43 V\u00e9lo Francette\t(1806 t\u00e9l\u00e9chargements\t)\n<\/a>\n<\/li><li><a  data-e-Disable-Page-Transition=\"true\" class=\"download-link\" title=\"Version 1\" href=\"http:\/\/www.velocanauxdodo.fr?download=5880&amp;tmstv=1778313416\" rel=\"nofollow\" id=\"download-link-5880\" data-redirect=\"false\" >\n\tVoies vertes Bretonne V3, V6 v7\t(2508 t\u00e9l\u00e9chargements\t)\n<\/a>\n<\/li><li><a  data-e-Disable-Page-Transition=\"true\" class=\"download-link\" title=\"Version 1\" href=\"http:\/\/www.velocanauxdodo.fr?download=5863&amp;tmstv=1778313416\" rel=\"nofollow\" id=\"download-link-5863\" data-redirect=\"false\" >\n\tBretagne: St Malo-Carhaix-Lorient\t(1947 t\u00e9l\u00e9chargements\t)\n<\/a>\n<\/li><li><a  data-e-Disable-Page-Transition=\"true\" class=\"download-link\" title=\"Version 1\" href=\"http:\/\/www.velocanauxdodo.fr?download=5861&amp;tmstv=1778313416\" rel=\"nofollow\" id=\"download-link-5861\" data-redirect=\"false\" >\n\tEV8 Argeles Port-la-Nouvelle\t(1819 t\u00e9l\u00e9chargements\t)\n<\/a>\n<\/li><li><a  data-e-Disable-Page-Transition=\"true\" class=\"download-link\" title=\"Version 1\" href=\"http:\/\/www.velocanauxdodo.fr?download=5859&amp;tmstv=1778313416\" rel=\"nofollow\" id=\"download-link-5859\" data-redirect=\"false\" >\n\tEV6 Dole-Bale\t(1943 t\u00e9l\u00e9chargements\t)\n<\/a>\n<\/li><li><a  data-e-Disable-Page-Transition=\"true\" class=\"download-link\" title=\"Version 1\" href=\"http:\/\/www.velocanauxdodo.fr?download=5857&amp;tmstv=1778313416\" rel=\"nofollow\" id=\"download-link-5857\" data-redirect=\"false\" >\n\tV\u00e9lodyss\u00e9e: Biganos-Bayonne\t(1629 t\u00e9l\u00e9chargements\t)\n<\/a>\n<\/li><li><a  data-e-Disable-Page-Transition=\"true\" class=\"download-link\" title=\"Version 1\" href=\"http:\/\/www.velocanauxdodo.fr?download=5824&amp;tmstv=1778313416\" rel=\"nofollow\" id=\"download-link-5824\" data-redirect=\"false\" >\n\tVoie Verte Givry-Cluny\t(1876 t\u00e9l\u00e9chargements\t)\n<\/a>\n<\/li><li><a  data-e-Disable-Page-Transition=\"true\" class=\"download-link\" title=\"Version 1\" href=\"http:\/\/www.velocanauxdodo.fr?download=5822&amp;tmstv=1778313416\" rel=\"nofollow\" id=\"download-link-5822\" data-redirect=\"false\" >\n\tVilaine Ille et Rance\t(3340 t\u00e9l\u00e9chargements\t)\n<\/a>\n<\/li><li><a  data-e-Disable-Page-Transition=\"true\" class=\"download-link\" title=\"Version 2\" href=\"http:\/\/www.velocanauxdodo.fr?download=5820&amp;tmstv=1778313416\" rel=\"nofollow\" id=\"download-link-5820\" data-redirect=\"false\" >\n\tVia Rh\u00f4na\t(2172 t\u00e9l\u00e9chargements\t)\n<\/a>\n<\/li><li><a  data-e-Disable-Page-Transition=\"true\" class=\"download-link\" title=\"Version 1\" href=\"http:\/\/www.velocanauxdodo.fr?download=5814&amp;tmstv=1778313416\" rel=\"nofollow\" id=\"download-link-5814\" data-redirect=\"false\" >\n\tVall\u00e9e de l'Epte\t(2135 t\u00e9l\u00e9chargements\t)\n<\/a>\n<\/li><li><a  data-e-Disable-Page-Transition=\"true\" class=\"download-link\" title=\"Version 1\" href=\"http:\/\/www.velocanauxdodo.fr?download=5812&amp;tmstv=1778313416\" rel=\"nofollow\" id=\"download-link-5812\" data-redirect=\"false\" >\n\tV7 Bretagne\t(2053 t\u00e9l\u00e9chargements\t)\n<\/a>\n<\/li><li><a  data-e-Disable-Page-Transition=\"true\" class=\"download-link\" title=\"Version 1\" href=\"http:\/\/www.velocanauxdodo.fr?download=5799&amp;tmstv=1778313416\" rel=\"nofollow\" id=\"download-link-5799\" data-redirect=\"false\" >\n\tParis-Juvisy-sur-Orge\t(2118 t\u00e9l\u00e9chargements\t)\n<\/a>\n<\/li><li><a  data-e-Disable-Page-Transition=\"true\" class=\"download-link\" title=\"Version 1\" href=\"http:\/\/www.velocanauxdodo.fr?download=5797&amp;tmstv=1778313416\" rel=\"nofollow\" id=\"download-link-5797\" data-redirect=\"false\" >\n\tLa Loire de Roanne \u00e0 Orl\u00e9ans\t(2782 t\u00e9l\u00e9chargements\t)\n<\/a>\n<\/li><li><a  data-e-Disable-Page-Transition=\"true\" class=\"download-link\" title=\"Version 3\" href=\"http:\/\/www.velocanauxdodo.fr?download=5791&amp;tmstv=1778313416\" rel=\"nofollow\" id=\"download-link-5791\" data-redirect=\"false\" >\n\tLa Seine (amont de Paris)\t(2362 t\u00e9l\u00e9chargements\t)\n<\/a>\n<\/li><li><a  data-e-Disable-Page-Transition=\"true\" class=\"download-link\" title=\"Version 3\" href=\"http:\/\/www.velocanauxdodo.fr?download=5789&amp;tmstv=1778313416\" rel=\"nofollow\" id=\"download-link-5789\" data-redirect=\"false\" >\n\tLa Sa\u00f4ne\t(2294 t\u00e9l\u00e9chargements\t)\n<\/a>\n<\/li><li><a  data-e-Disable-Page-Transition=\"true\" class=\"download-link\" title=\"\" href=\"http:\/\/www.velocanauxdodo.fr?download=5781&amp;tmstv=1778313416\" rel=\"nofollow\" id=\"download-link-5781\" data-redirect=\"false\" >\n\tLa Meuse\t(2185 t\u00e9l\u00e9chargements\t)\n<\/a>\n<\/li><li><a  data-e-Disable-Page-Transition=\"true\" class=\"download-link\" title=\"Version 1\" href=\"http:\/\/www.velocanauxdodo.fr?download=5779&amp;tmstv=1778313416\" rel=\"nofollow\" id=\"download-link-5779\" data-redirect=\"false\" >\n\tLa Mayenne\t(2540 t\u00e9l\u00e9chargements\t)\n<\/a>\n<\/li><li><a  data-e-Disable-Page-Transition=\"true\" class=\"download-link\" title=\"Version 1\" href=\"http:\/\/www.velocanauxdodo.fr?download=5777&amp;tmstv=1778313416\" rel=\"nofollow\" id=\"download-link-5777\" data-redirect=\"false\" >\n\tLa Marne et son canal lat\u00e9ral\t(2319 t\u00e9l\u00e9chargements\t)\n<\/a>\n<\/li><li><a  data-e-Disable-Page-Transition=\"true\" class=\"download-link\" title=\"Version 2\" href=\"http:\/\/www.velocanauxdodo.fr?download=5773&amp;tmstv=1778313416\" rel=\"nofollow\" id=\"download-link-5773\" data-redirect=\"false\" >\n\tLa Loire d'Orl\u00e9ans \u00e0 la mer\t(2220 t\u00e9l\u00e9chargements\t)\n<\/a>\n<\/li><li><a  data-e-Disable-Page-Transition=\"true\" class=\"download-link\" title=\"Version 2\" href=\"http:\/\/www.velocanauxdodo.fr?download=5769&amp;tmstv=1778313416\" rel=\"nofollow\" id=\"download-link-5769\" data-redirect=\"false\" >\n\tL'Yonne\t(2634 t\u00e9l\u00e9chargements\t)\n<\/a>\n<\/li><li><a  data-e-Disable-Page-Transition=\"true\" class=\"download-link\" title=\"Version 2\" href=\"http:\/\/www.velocanauxdodo.fr?download=5767&amp;tmstv=1778313416\" rel=\"nofollow\" id=\"download-link-5767\" data-redirect=\"false\" >\n\tL'Atlantique de St Br\u00e9vins \u00e0 Lacanau\t(2032 t\u00e9l\u00e9chargements\t)\n<\/a>\n<\/li><li><a  data-e-Disable-Page-Transition=\"true\" class=\"download-link\" title=\"Version 1\" href=\"http:\/\/www.velocanauxdodo.fr?download=5753&amp;tmstv=1778313416\" rel=\"nofollow\" id=\"download-link-5753\" data-redirect=\"false\" >\n\tCompi\u00e8gne-Flines\t(2030 t\u00e9l\u00e9chargements\t)\n<\/a>\n<\/li><li><a  data-e-Disable-Page-Transition=\"true\" class=\"download-link\" title=\"Version 1\" href=\"http:\/\/www.velocanauxdodo.fr?download=5751&amp;tmstv=1778313416\" rel=\"nofollow\" id=\"download-link-5751\" data-redirect=\"false\" >\n\tCanaux de la Casinca\t(1901 t\u00e9l\u00e9chargements\t)\n<\/a>\n<\/li><li><a  data-e-Disable-Page-Transition=\"true\" class=\"download-link\" title=\"Version 1\" href=\"http:\/\/www.velocanauxdodo.fr?download=5749&amp;tmstv=1778313416\" rel=\"nofollow\" id=\"download-link-5749\" data-redirect=\"false\" >\n\tCanal lat\u00e9ral de la Garonne\t(2420 t\u00e9l\u00e9chargements\t)\n<\/a>\n<\/li><li><a  data-e-Disable-Page-Transition=\"true\" class=\"download-link\" title=\"Version 2\" href=\"http:\/\/www.velocanauxdodo.fr?download=5747&amp;tmstv=1778313416\" rel=\"nofollow\" id=\"download-link-5747\" data-redirect=\"false\" >\n\tCanal lat\u00e9ral \u00e0 la Loire\t(2232 t\u00e9l\u00e9chargements\t)\n<\/a>\n<\/li><li><a  data-e-Disable-Page-Transition=\"true\" class=\"download-link\" title=\"Version 2\" href=\"http:\/\/www.velocanauxdodo.fr?download=5745&amp;tmstv=1778313416\" rel=\"nofollow\" id=\"download-link-5745\" data-redirect=\"false\" >\n\tCanal du Nivernais\t(2900 t\u00e9l\u00e9chargements\t)\n<\/a>\n<\/li><li><a  data-e-Disable-Page-Transition=\"true\" class=\"download-link\" title=\"\" href=\"http:\/\/www.velocanauxdodo.fr?download=5743&amp;tmstv=1778313416\" rel=\"nofollow\" id=\"download-link-5743\" data-redirect=\"false\" >\n\tCanal du Midi\t(3958 t\u00e9l\u00e9chargements\t)\n<\/a>\n<\/li><li><a  data-e-Disable-Page-Transition=\"true\" class=\"download-link\" title=\"Version 2\" href=\"http:\/\/www.velocanauxdodo.fr?download=5741&amp;tmstv=1778313416\" rel=\"nofollow\" id=\"download-link-5741\" data-redirect=\"false\" >\n\tCanal du Loing\t(3176 t\u00e9l\u00e9chargements\t)\n<\/a>\n<\/li><li><a  data-e-Disable-Page-Transition=\"true\" class=\"download-link\" title=\"\" href=\"http:\/\/www.velocanauxdodo.fr?download=5739&amp;tmstv=1778313416\" rel=\"nofollow\" id=\"download-link-5739\" data-redirect=\"false\" >\n\tCanal du Centre\t(1956 t\u00e9l\u00e9chargements\t)\n<\/a>\n<\/li><li><a  data-e-Disable-Page-Transition=\"true\" class=\"download-link\" title=\"\" href=\"http:\/\/www.velocanauxdodo.fr?download=5737&amp;tmstv=1778313416\" rel=\"nofollow\" id=\"download-link-5737\" data-redirect=\"false\" >\n\tCanal de Nantes \u00e0 Brest\t(2763 t\u00e9l\u00e9chargements\t)\n<\/a>\n<\/li><li><a  data-e-Disable-Page-Transition=\"true\" class=\"download-link\" title=\"\" href=\"http:\/\/www.velocanauxdodo.fr?download=5735&amp;tmstv=1778313416\" rel=\"nofollow\" id=\"download-link-5735\" data-redirect=\"false\" >\n\tCanal de Montech\t(1916 t\u00e9l\u00e9chargements\t)\n<\/a>\n<\/li><li><a  data-e-Disable-Page-Transition=\"true\" class=\"download-link\" title=\"\" href=\"http:\/\/www.velocanauxdodo.fr?download=5733&amp;tmstv=1778313416\" rel=\"nofollow\" id=\"download-link-5733\" data-redirect=\"false\" >\n\tCanal de la Sauldre\t(1624 t\u00e9l\u00e9chargements\t)\n<\/a>\n<\/li><li><a  data-e-Disable-Page-Transition=\"true\" class=\"download-link\" title=\"\" href=\"http:\/\/www.velocanauxdodo.fr?download=5731&amp;tmstv=1778313416\" rel=\"nofollow\" id=\"download-link-5731\" data-redirect=\"false\" >\n\tCanal de la Robine\t(2334 t\u00e9l\u00e9chargements\t)\n<\/a>\n<\/li><li><a  data-e-Disable-Page-Transition=\"true\" class=\"download-link\" title=\"\" href=\"http:\/\/www.velocanauxdodo.fr?download=5729&amp;tmstv=1778313416\" rel=\"nofollow\" id=\"download-link-5729\" data-redirect=\"false\" >\n\tCanal de la Marne au Rhin\t(2495 t\u00e9l\u00e9chargements\t)\n<\/a>\n<\/li><li><a  data-e-Disable-Page-Transition=\"true\" class=\"download-link\" title=\"Version 2\" href=\"http:\/\/www.velocanauxdodo.fr?download=5727&amp;tmstv=1778313416\" rel=\"nofollow\" id=\"download-link-5727\" data-redirect=\"false\" >\n\tCanal de l'Ourq\t(2938 t\u00e9l\u00e9chargements\t)\n<\/a>\n<\/li><li><a  data-e-Disable-Page-Transition=\"true\" class=\"download-link\" title=\"\" href=\"http:\/\/www.velocanauxdodo.fr?download=5725&amp;tmstv=1778313416\" rel=\"nofollow\" id=\"download-link-5725\" data-redirect=\"false\" >\n\tCanal de Champagne \u00e0 Bourgogne\t(2564 t\u00e9l\u00e9chargements\t)\n<\/a>\n<\/li><li><a  data-e-Disable-Page-Transition=\"true\" class=\"download-link\" title=\"Version 3\" href=\"http:\/\/www.velocanauxdodo.fr?download=5723&amp;tmstv=1778313416\" rel=\"nofollow\" id=\"download-link-5723\" data-redirect=\"false\" >\n\tCanal de Briare\t(2690 t\u00e9l\u00e9chargements\t)\n<\/a>\n<\/li><li><a  data-e-Disable-Page-Transition=\"true\" class=\"download-link\" title=\"\" href=\"http:\/\/www.velocanauxdodo.fr?download=5721&amp;tmstv=1778313416\" rel=\"nofollow\" id=\"download-link-5721\" data-redirect=\"false\" >\n\tCanal de Bourgogne\t(2933 t\u00e9l\u00e9chargements\t)\n<\/a>\n<\/li><li><a  data-e-Disable-Page-Transition=\"true\" class=\"download-link\" title=\"Version 2\" href=\"http:\/\/www.velocanauxdodo.fr?download=5719&amp;tmstv=1778313416\" rel=\"nofollow\" id=\"download-link-5719\" data-redirect=\"false\" >\n\tCanal de Berry et Cher\t(2366 t\u00e9l\u00e9chargements\t)\n<\/a>\n<\/li><li><a  data-e-Disable-Page-Transition=\"true\" class=\"download-link\" title=\"Version 1\" href=\"http:\/\/www.velocanauxdodo.fr?download=5715&amp;tmstv=1778313416\" rel=\"nofollow\" id=\"download-link-5715\" data-redirect=\"false\" >\n\tCanal d'Orl\u00e9ans\t(2755 t\u00e9l\u00e9chargements\t)\n<\/a>\n<\/li><\/ul>\n\t\t\t\t<\/span><\/p>\n<h3><span style=\"font-family: Consolas;\">Mod\u00e8les de lettre<\/span><\/h3>\n<p><span style=\"font-family: Consolas;\"><ul class=\"dlm-downloads\"><li><a  data-e-Disable-Page-Transition=\"true\" class=\"download-link\" title=\"Version 3\" href=\"http:\/\/www.velocanauxdodo.fr?download=5756&amp;tmstv=1778313416\" rel=\"nofollow\" id=\"download-link-5756\" data-redirect=\"false\" >\n\tDemande d'autorisation VNF\t(3636 t\u00e9l\u00e9chargements\t)\n<\/a>\n<\/li><\/ul>\n\t\t\t\t<\/span><\/p>\n<h3>&nbsp;<span style=\"font-family: Consolas;\">Informations touristiques<\/span><\/h3>\n<p><span style=\"font-family: Consolas;\"><ul class=\"dlm-downloads\"><li><a  data-e-Disable-Page-Transition=\"true\" class=\"download-link\" title=\"Version 1\" href=\"http:\/\/www.velocanauxdodo.fr?download=5802&amp;tmstv=1778313416\" rel=\"nofollow\" id=\"download-link-5802\" data-redirect=\"false\" >\n\tPlaquette Casinca\t(1776 t\u00e9l\u00e9chargements\t)\n<\/a>\n<\/li><\/ul>\n\t\t\t\t<\/span><\/p>\n<h3><span style=\"font-family: Consolas;\">Feuilles de Sh\u00f4<\/span><\/h3>\n<p>Tout ce qu&rsquo;il faut (faudrait) voir le long du parcours<\/p>\n<p><span style=\"font-family: Consolas;\"><ul class=\"dlm-downloads\"><li><a  data-e-Disable-Page-Transition=\"true\" class=\"download-link\" title=\"Version 1\" href=\"http:\/\/www.velocanauxdodo.fr?download=5795&amp;tmstv=1778313416\" rel=\"nofollow\" id=\"download-link-5795\" data-redirect=\"false\" >\n\tLe long de la Villaine, de l'Ille et de la Rance\t(2480 t\u00e9l\u00e9chargements\t)\n<\/a>\n<\/li><li><a  data-e-Disable-Page-Transition=\"true\" class=\"download-link\" title=\"Version 1\" href=\"http:\/\/www.velocanauxdodo.fr?download=5793&amp;tmstv=1778313416\" rel=\"nofollow\" id=\"download-link-5793\" data-redirect=\"false\" >\n\tLe canal de la Marne au Rhin de Strasbourg \u00e0 Vitry-le-Fran\u00e7ois\t(2175 t\u00e9l\u00e9chargements\t)\n<\/a>\n<\/li><li><a  data-e-Disable-Page-Transition=\"true\" class=\"download-link\" title=\"Version 1\" href=\"http:\/\/www.velocanauxdodo.fr?download=5783&amp;tmstv=1778313416\" rel=\"nofollow\" id=\"download-link-5783\" data-redirect=\"false\" >\n\tLa Meuse de Charleville-M\u00e9zi\u00e8res \u00e0 Dinant\t(2086 t\u00e9l\u00e9chargements\t)\n<\/a>\n<\/li><li><a  data-e-Disable-Page-Transition=\"true\" class=\"download-link\" title=\"Version 1\" href=\"http:\/\/www.velocanauxdodo.fr?download=5775&amp;tmstv=1778313416\" rel=\"nofollow\" id=\"download-link-5775\" data-redirect=\"false\" >\n\tLa Loire de Roanne \u00e0 Orl\u00e9ans\t(2568 t\u00e9l\u00e9chargements\t)\n<\/a>\n<\/li><li><a  data-e-Disable-Page-Transition=\"true\" class=\"download-link\" title=\"Version 1\" href=\"http:\/\/www.velocanauxdodo.fr?download=5771&amp;tmstv=1778313416\" rel=\"nofollow\" id=\"download-link-5771\" data-redirect=\"false\" >\n\tLa Garonne\t(2165 t\u00e9l\u00e9chargements\t)\n<\/a>\n<\/li><\/ul>\n\t\t\t\t<\/span><\/p>\n<h3><span style=\"font-family: Consolas;\">Carnets de Riton<\/span><\/h3>\n<p><span style=\"font-family: Consolas;\">Les randonn\u00e9es d&rsquo;un cycliste parisien \u00e0 la Belle Epoque<\/span><\/p>\n<p><span style=\"font-family: Consolas;\"><ul class=\"dlm-downloads\"><li><a  data-e-Disable-Page-Transition=\"true\" class=\"download-link\" title=\"Version 1\" href=\"http:\/\/www.velocanauxdodo.fr?download=5807&amp;tmstv=1778313416\" rel=\"nofollow\" id=\"download-link-5807\" data-redirect=\"false\" >\n\tPornic (juillet 1904)\t(1992 t\u00e9l\u00e9chargements\t)\n<\/a>\n<\/li><li><a  data-e-Disable-Page-Transition=\"true\" class=\"download-link\" title=\"Version 1\" href=\"http:\/\/www.velocanauxdodo.fr?download=5765&amp;tmstv=1778313416\" rel=\"nofollow\" id=\"download-link-5765\" data-redirect=\"false\" >\n\tGretz-sur-Loing (Avril 1897)\t(1829 t\u00e9l\u00e9chargements\t)\n<\/a>\n<\/li><\/ul>\n\t\t\t\t<\/span><\/p>\n<h3><span style=\"font-family: Consolas;\">Dans la presse<\/span><\/h3>\n<p><span style=\"font-family: Consolas;\">Articles sur les voies vertes, canaux ou cyclistes<\/span><\/p>\n<p><span style=\"font-family: Consolas;\"><ul class=\"dlm-downloads\"><li><a  data-e-Disable-Page-Transition=\"true\" class=\"download-link\" title=\"Version 1\" href=\"http:\/\/www.velocanauxdodo.fr?download=5818&amp;tmstv=1778313416\" rel=\"nofollow\" id=\"download-link-5818\" data-redirect=\"false\" >\n\tVia Rh\u00f4na dans le Progr\u00e8s ao\u00fbt 2013\t(2064 t\u00e9l\u00e9chargements\t)\n<\/a>\n<\/li><li><a  data-e-Disable-Page-Transition=\"true\" class=\"download-link\" title=\"Version 1\" href=\"http:\/\/www.velocanauxdodo.fr?download=5816&amp;tmstv=1778313416\" rel=\"nofollow\" id=\"download-link-5816\" data-redirect=\"false\" >\n\tVaucluse matin 10\/10\/13: Plus belle la voie \u00e0 Chateauneuf du Pape\t(1724 t\u00e9l\u00e9chargements\t)\n<\/a>\n<\/li><li><a  data-e-Disable-Page-Transition=\"true\" class=\"download-link\" title=\"Version 1\" href=\"http:\/\/www.velocanauxdodo.fr?download=5810&amp;tmstv=1778313416\" rel=\"nofollow\" id=\"download-link-5810\" data-redirect=\"false\" >\n\tRevue cyclotourisme juillet-ao\u00fbt 2008: P\u00e9daler au fil de l'eau\t(1991 t\u00e9l\u00e9chargements\t)\n<\/a>\n<\/li><li><a  data-e-Disable-Page-Transition=\"true\" class=\"download-link\" title=\"Version 1\" href=\"http:\/\/www.velocanauxdodo.fr?download=5787&amp;tmstv=1778313416\" rel=\"nofollow\" id=\"download-link-5787\" data-redirect=\"false\" >\n\tLa Provence 8\/10\/2013: Plus belle la Via Rh\u00f4na\t(1709 t\u00e9l\u00e9chargements\t)\n<\/a>\n<\/li><li><a  data-e-Disable-Page-Transition=\"true\" class=\"download-link\" title=\"Version 1\" href=\"http:\/\/www.velocanauxdodo.fr?download=5785&amp;tmstv=1778313416\" rel=\"nofollow\" id=\"download-link-5785\" data-redirect=\"false\" >\n\tLa Provence 10-10-2013: Plus belle la voie \u00e0 Chateauneuf-du-Pape\t(1661 t\u00e9l\u00e9chargements\t)\n<\/a>\n<\/li><li><a  data-e-Disable-Page-Transition=\"true\" class=\"download-link\" title=\"Version 1\" href=\"http:\/\/www.velocanauxdodo.fr?download=5762&amp;tmstv=1778313416\" rel=\"nofollow\" id=\"download-link-5762\" data-redirect=\"false\" >\n\tFluvial: Un v\u00e9locanauxrandodoneur assez gonfl\u00e9...\t(1746 t\u00e9l\u00e9chargements\t)\n<\/a>\n<\/li><li><a  data-e-Disable-Page-Transition=\"true\" class=\"download-link\" title=\"Version 1\" href=\"http:\/\/www.velocanauxdodo.fr?download=5758&amp;tmstv=1778313416\" rel=\"nofollow\" id=\"download-link-5758\" data-redirect=\"false\" >\n\tFluvial: Les chemins de halage: nouveaux sentiers de la libert\u00e9\t(1886 t\u00e9l\u00e9chargements\t)\n<\/a>\n<\/li><\/ul>\n\t\t\t\t<\/span><\/p>\n<h4>&nbsp;<\/h4>\n","protected":false},"excerpt":{"rendered":"<\/p>\n<p> Les routes (et les traces); <\/p>\n<p style=\"padding-left: 30px;\">pour votre GPS ou logiciel de cartographie:&nbsp; Garmin Basecamp, GoogleMap, etc&#8230;<\/p>\n<p>Fichiers .zip contenant les donn\u00e9es aux formats&nbsp; .gpx (et .mmo, .csv).<\/p>\n<p> Canal du Rh\u00f4ne \u00e0 S\u00e8te (2358 t\u00e9l\u00e9chargements ) V\u00e9loroute de la vall\u00e9e du Lot (1632 t\u00e9l\u00e9chargements ) Les sources de la Bi\u00e8vres (1642 t\u00e9l\u00e9chargements [&#8230;]<\/p>\n","protected":false},"author":3,"featured_media":0,"parent":0,"menu_order":8,"comment_status":"closed","ping_status":"closed","template":"","meta":{"ngg_post_thumbnail":0,"footnotes":""},"class_list":["post-262","page","type-page","status-publish","hentry","odd"],"_links":{"self":[{"href":"http:\/\/www.velocanauxdodo.fr\/index.php?rest_route=\/wp\/v2\/pages\/262","targetHints":{"allow":["GET"]}}],"collection":[{"href":"http:\/\/www.velocanauxdodo.fr\/index.php?rest_route=\/wp\/v2\/pages"}],"about":[{"href":"http:\/\/www.velocanauxdodo.fr\/index.php?rest_route=\/wp\/v2\/types\/page"}],"author":[{"embeddable":true,"href":"http:\/\/www.velocanauxdodo.fr\/index.php?rest_route=\/wp\/v2\/users\/3"}],"replies":[{"embeddable":true,"href":"http:\/\/www.velocanauxdodo.fr\/index.php?rest_route=%2Fwp%2Fv2%2Fcomments&post=262"}],"version-history":[{"count":72,"href":"http:\/\/www.velocanauxdodo.fr\/index.php?rest_route=\/wp\/v2\/pages\/262\/revisions"}],"predecessor-version":[{"id":6781,"href":"http:\/\/www.velocanauxdodo.fr\/index.php?rest_route=\/wp\/v2\/pages\/262\/revisions\/6781"}],"wp:attachment":[{"href":"http:\/\/www.velocanauxdodo.fr\/index.php?rest_route=%2Fwp%2Fv2%2Fmedia&parent=262"}],"curies":[{"name":"wp","href":"https:\/\/api.w.org\/{rel}","templated":true}]}}