{"id":288,"date":"2009-02-16T17:23:59","date_gmt":"2009-02-16T16:23:59","guid":{"rendered":"http:\/\/velocanauxdodo.free.fr\/?page_id=288"},"modified":"2015-03-31T08:17:38","modified_gmt":"2015-03-31T07:17:38","slug":"plan","status":"publish","type":"page","link":"http:\/\/www.velocanauxdodo.fr\/?page_id=288","title":{"rendered":"Plan du site"},"content":{"rendered":"<p><span style=\"color: #0000ff;\">Lien vers la page<\/span> date (nombre de commentaires)<img loading=\"lazy\" decoding=\"async\" class=\"alignright size-full wp-image-1820\" title=\"panneau\" alt=\"panneau\" src=\"\/wp-content\/uploads\/panneau.jpg\" width=\"246\" height=\"700\" \/><br \/>\n\n\n<!-- START of Dagon Design Sitemap Generator output -->\n\n<div class=\"ddsg-wrapper\"><div class=\"ddsg-pagenav\"><p>Pages: 1 <a href=\"http:\/\/www.velocanauxdodo.fr\/index.php?page_id=&amp;pg=2\">2<\/a> <a href=\"http:\/\/www.velocanauxdodo.fr\/index.php?page_id=&amp;pg=3\">3<\/a> <a href=\"http:\/\/www.velocanauxdodo.fr\/index.php?page_id=&amp;pg=4\">4<\/a> <\/p><\/div><h2>Pages<\/h2><ul><li><a href=\"http:\/\/www.velocanauxdodo.fr\/?page_id=7991\" title=\"Boucle Sarthe-Loir\">Boucle Sarthe-Loir<\/a> 21-10 -2023<\/li><li><a href=\"http:\/\/www.velocanauxdodo.fr\/?page_id=7582\" title=\"Rigoles\">Rigoles<\/a> 16-09 -2021<ul><li><a href=\"http:\/\/www.velocanauxdodo.fr\/?page_id=7598\" title=\"Rigole de la Plaine\">Rigole de la Plaine<\/a> 16-09 -2021<\/li><li><a href=\"http:\/\/www.velocanauxdodo.fr\/?page_id=7600\" title=\"Rigole de Courpalet\">Rigole de Courpalet<\/a> 16-09 -2021<\/li><li><a href=\"http:\/\/www.velocanauxdodo.fr\/?page_id=7602\" title=\"Rigole d'Hilvern\">Rigole d'Hilvern<\/a> 16-09 -2021<\/li><li><a href=\"http:\/\/www.velocanauxdodo.fr\/?page_id=7715\" title=\"Les rigoles de Vauhallan\">Les rigoles de Vauhallan<\/a> 12-10 -2021<\/li><li><a href=\"http:\/\/www.velocanauxdodo.fr\/?page_id=7698\" title=\"Rigoles du canal de Briare\">Rigoles du canal de Briare<\/a> 12-10 -2021<\/li><\/ul><\/li><li><a href=\"http:\/\/www.velocanauxdodo.fr\/?page_id=6217\" title=\"Dans la roue d'Henri\">Dans la roue d'Henri<\/a> 18-10 -2017<ul><li><a href=\"http:\/\/www.velocanauxdodo.fr\/?page_id=6225\" title=\"St Malo \u2192 Roscoff. Juin 2015 vs juin 1900\">St Malo \u2192 Roscoff. Juin 2015 vs juin 1900<\/a> 18-10 -2017<\/li><li><a href=\"http:\/\/www.velocanauxdodo.fr\/?page_id=6238\" title=\"Paris \u2192 Gen\u00e8ve Juin 2014 vs mai 1889\">Paris \u2192 Gen\u00e8ve Juin 2014 vs mai 1889<\/a> 18-10 -2017<\/li><li><a href=\"http:\/\/www.velocanauxdodo.fr\/?page_id=7083\" title=\"Brest \u2192 La Roche Bernard. Ao\u00fbt 2019 vs juillet 1899\">Brest \u2192 La Roche Bernard. Ao\u00fbt 2019 vs juillet 1899<\/a> 17-10 -2019<\/li><\/ul><\/li><li><a href=\"http:\/\/www.velocanauxdodo.fr\/?page_id=1467\" title=\"Infos pratiques\">Infos pratiques<\/a> 23-06 -2011 (2)<ul><li><a href=\"http:\/\/www.velocanauxdodo.fr\/?page_id=7020\" title=\"Politique de confidentialit\u00e9\">Politique de confidentialit\u00e9<\/a> 27-08 -2019<\/li><li><a href=\"http:\/\/www.velocanauxdodo.fr\/?page_id=6752\" title=\"Label &quot;Accueil V\u00e9lo&quot;\">Label &quot;Accueil V\u00e9lo&quot;<\/a> 20-08 -2018<\/li><li><a href=\"http:\/\/www.velocanauxdodo.fr\/?page_id=288\" title=\"Plan du site\">Plan du site<\/a> 16-02 -2009<\/li><li><a href=\"http:\/\/www.velocanauxdodo.fr\/?page_id=1202\" title=\"Mode d'emploi du site\">Mode d'emploi du site<\/a> 18-10 -2010<\/li><li><a href=\"http:\/\/www.velocanauxdodo.fr\/?page_id=4643\" title=\"Carte int\u00e9ractive\">Carte int\u00e9ractive<\/a> 21-03 -2015 (3)<\/li><li><a href=\"http:\/\/www.velocanauxdodo.fr\/?page_id=176\" title=\"Organiser sa rando\">Organiser sa rando<\/a> 11-02 -2009 (1)<\/li><li><a href=\"http:\/\/www.velocanauxdodo.fr\/?page_id=1217\" title=\"V\u00e9locanauxrandodoneurs\">V\u00e9locanauxrandodoneurs<\/a> 03-11 -2010 (6)<\/li><li><a href=\"http:\/\/www.velocanauxdodo.fr\/?page_id=1445\" title=\"Bons plans\">Bons plans<\/a> 07-06 -2011 (8)<\/li><li><a href=\"http:\/\/www.velocanauxdodo.fr\/?page_id=1067\" title=\"Les bonnes recettes du p\u00e8re Pou\">Les bonnes recettes du p\u00e8re Pou<\/a> 21-06 -2010 (1)<\/li><li><a href=\"http:\/\/www.velocanauxdodo.fr\/?page_id=1734\" title=\"Legislation: droits et devoirs du v\u00e9locanauxrandonneur\">Legislation: droits et devoirs du v\u00e9locanauxrandonneur<\/a> 29-08 -2011 (3)<\/li><li><a href=\"http:\/\/www.velocanauxdodo.fr\/?page_id=788\" title=\"Ouvrages et sites sur les canaux\">Ouvrages et sites sur les canaux<\/a> 01-02 -2010<\/li><li><a href=\"http:\/\/www.velocanauxdodo.fr\/?page_id=1693\" title=\"V\u00e9lo+train\/V\u00e9lo+bateau...\">V\u00e9lo+train\/V\u00e9lo+bateau...<\/a> 24-08 -2011<\/li><li><a href=\"http:\/\/www.velocanauxdodo.fr\/?page_id=747\" title=\"Autres h\u00e9bergements\">Autres h\u00e9bergements<\/a> 21-10 -2009 (17)<\/li><\/ul><\/li><li><a href=\"http:\/\/www.velocanauxdodo.fr\/?page_id=179\" title=\"Chemins de halage\">Chemins de halage<\/a> 11-02 -2009<ul><li><a href=\"http:\/\/www.velocanauxdodo.fr\/?page_id=2588\" title=\"Canal de la Robine\">Canal de la Robine<\/a> 29-05 -2013 (1)<\/li><li><a href=\"http:\/\/www.velocanauxdodo.fr\/?page_id=8\" title=\"Canal de Bourgogne\">Canal de Bourgogne<\/a> 02-02 -2009 (2)<\/li><li><a href=\"http:\/\/www.velocanauxdodo.fr\/?page_id=1293\" title=\"Canal de la Sauldre\">Canal de la Sauldre<\/a> 12-05 -2011 (1)<\/li><li><a href=\"http:\/\/www.velocanauxdodo.fr\/?page_id=7458\" title=\"Moselle-Sarre\">Moselle-Sarre<\/a> 13-09 -2021<\/li><li><a href=\"http:\/\/www.velocanauxdodo.fr\/?page_id=1833\" title=\"Canal de la Marne au Rhin\">Canal de la Marne au Rhin<\/a> 26-10 -2011 (5)<\/li><li><a href=\"http:\/\/www.velocanauxdodo.fr\/?page_id=2284\" title=\"Canaux de la Casinca\">Canaux de la Casinca<\/a> 21-08 -2012<\/li><li><a href=\"http:\/\/www.velocanauxdodo.fr\/?page_id=2392\" title=\"Canal du Centre\">Canal du Centre<\/a> 11-04 -2013 (1)<\/li><li><a href=\"http:\/\/www.velocanauxdodo.fr\/?page_id=2512\" title=\"La canal lat\u00e9ral \u00e0 la Loire\">La canal lat\u00e9ral \u00e0 la Loire<\/a> 17-04 -2013 (3)<\/li><li><a href=\"http:\/\/www.velocanauxdodo.fr\/?page_id=6922\" title=\"Canal du Rh\u00f4ne \u00e0 S\u00e8te\">Canal du Rh\u00f4ne \u00e0 S\u00e8te<\/a> 05-09 -2018<\/li><li><a href=\"http:\/\/www.velocanauxdodo.fr\/?page_id=6270\" title=\"Canal de l'Est de Fontenoy \u00e0 Charleville\">Canal de l'Est de Fontenoy \u00e0 Charleville<\/a> 25-01 -2018<\/li><li><a href=\"http:\/\/www.velocanauxdodo.fr\/?page_id=2615\" title=\"Canal de Montech\">Canal de Montech<\/a> 30-05 -2013 (5)<\/li><li><a href=\"http:\/\/www.velocanauxdodo.fr\/?page_id=4476\" title=\"Canal du Rh\u00f4ne au Rhin\">Canal du Rh\u00f4ne au Rhin<\/a> 11-04 -2014 (1)<\/li><li><a href=\"http:\/\/www.velocanauxdodo.fr\/?page_id=4800\" title=\"Canal de l'Oise, canal de St Quentin et Escaut\">Canal de l'Oise, canal de St Quentin et Escaut<\/a> 27-03 -2015 (2)<\/li><li><a href=\"http:\/\/www.velocanauxdodo.fr\/?page_id=6468\" title=\"La Moselle\">La Moselle<\/a> 25-01 -2018<\/li>\n<\/ul><\/li><\/ul><div class=\"ddsg-pagenav\"><p>Pages: 1 <a href=\"http:\/\/www.velocanauxdodo.fr\/index.php?page_id=&amp;pg=2\">2<\/a> <a href=\"http:\/\/www.velocanauxdodo.fr\/index.php?page_id=&amp;pg=3\">3<\/a> <a href=\"http:\/\/www.velocanauxdodo.fr\/index.php?page_id=&amp;pg=4\">4<\/a> <\/p><\/div><div style=\"text-align: right;\"><p style=\"font-size:90%;\">Plugin par <a href=\"http:\/\/www.dagondesign.com\" title=\"Dagon Design\">dagondesign.com<\/a><\/p><\/div><\/div>\n\n<!-- END of Dagon Design Sitemap Generator output -->\n\n<\/p>\n","protected":false},"excerpt":{"rendered":"<p>Lien vers la page date (nombre de commentaires) <\/p>\n<p>Pages: 1 2 3 4 <\/p>\n<p>PagesBoucle Sarthe-Loir 21-10 -2023Rigoles 16-09 -2021Rigole de la Plaine 16-09 -2021Rigole de Courpalet 16-09 -2021Rigole d&rsquo;Hilvern 16-09 -2021Les rigoles de Vauhallan 12-10 -2021Rigoles du canal de Briare 12-10 -2021Dans la roue d&rsquo;Henri 18-10 -2017St Malo \u2192 Roscoff. Juin 2015 vs juin 1900 18-10 -2017Paris \u2192 Gen\u00e8ve Juin 2014 vs mai 1889 18-10 -2017Brest \u2192 La Roche Bernard. Ao\u00fbt 2019 vs juillet 1899 17-10 -2019Infos pratiques 23-06 -2011 (2)Politique de confidentialit\u00e9 27-08 -2019Label &quot;Accueil V\u00e9lo&quot; 20-08 -2018Plan du site 16-02 -2009Mode d&#8217;emploi du site 18-10 -2010Carte int\u00e9ractive 21-03 -2015 (3)Organiser sa rando 11-02 -2009 (1)V\u00e9locanauxrandodoneurs 03-11 -2010 (6)Bons plans 07-06 -2011 (8)Les bonnes recettes du p\u00e8re Pou 21-06 -2010 (1)Legislation: droits et devoirs du v\u00e9locanauxrandonneur 29-08 -2011 (3)Ouvrages et sites sur les canaux 01-02 -2010V\u00e9lo+train\/V\u00e9lo+bateau&#8230; 24-08 -2011Autres h\u00e9bergements 21-10 -2009 (17)Chemins de halage 11-02 -2009Canal de la Robine 29-05 -2013 (1)Canal de Bourgogne 02-02 -2009 (2)Canal de la Sauldre 12-05 -2011 (1)Moselle-Sarre 13-09 -2021Canal de la Marne au Rhin 26-10 -2011 (5)Canaux de la Casinca 21-08 -2012Canal du Centre 11-04 -2013 (1)La canal lat\u00e9ral \u00e0 la Loire 17-04 -2013 (3)Canal du Rh\u00f4ne \u00e0 S\u00e8te 05-09 -2018Canal de l&rsquo;Est de Fontenoy \u00e0 Charleville 25-01 -2018Canal de Montech 30-05 -2013 (5)Canal du Rh\u00f4ne au Rhin 11-04 -2014 (1)Canal de l&rsquo;Oise, canal de St Quentin et Escaut 27-03 -2015 (2)La Moselle 25-01 -2018<\/p>\n<p>Pages: 1 2 3 4 <\/p>\n<p style=\"font-size:90%;\">Plugin par dagondesign.com<\/p><\/p>\n","protected":false},"author":3,"featured_media":0,"parent":1467,"menu_order":1,"comment_status":"closed","ping_status":"closed","template":"","meta":{"ngg_post_thumbnail":0,"footnotes":""},"class_list":["post-288","page","type-page","status-publish","hentry","odd"],"_links":{"self":[{"href":"http:\/\/www.velocanauxdodo.fr\/index.php?rest_route=\/wp\/v2\/pages\/288","targetHints":{"allow":["GET"]}}],"collection":[{"href":"http:\/\/www.velocanauxdodo.fr\/index.php?rest_route=\/wp\/v2\/pages"}],"about":[{"href":"http:\/\/www.velocanauxdodo.fr\/index.php?rest_route=\/wp\/v2\/types\/page"}],"author":[{"embeddable":true,"href":"http:\/\/www.velocanauxdodo.fr\/index.php?rest_route=\/wp\/v2\/users\/3"}],"replies":[{"embeddable":true,"href":"http:\/\/www.velocanauxdodo.fr\/index.php?rest_route=%2Fwp%2Fv2%2Fcomments&post=288"}],"version-history":[{"count":23,"href":"http:\/\/www.velocanauxdodo.fr\/index.php?rest_route=\/wp\/v2\/pages\/288\/revisions"}],"predecessor-version":[{"id":3042,"href":"http:\/\/www.velocanauxdodo.fr\/index.php?rest_route=\/wp\/v2\/pages\/288\/revisions\/3042"}],"up":[{"embeddable":true,"href":"http:\/\/www.velocanauxdodo.fr\/index.php?rest_route=\/wp\/v2\/pages\/1467"}],"wp:attachment":[{"href":"http:\/\/www.velocanauxdodo.fr\/index.php?rest_route=%2Fwp%2Fv2%2Fmedia&parent=288"}],"curies":[{"name":"wp","href":"https:\/\/api.w.org\/{rel}","templated":true}]}}