{"id":30,"date":"2009-02-02T10:50:07","date_gmt":"2009-02-02T09:50:07","guid":{"rendered":"http:\/\/velocanauxdodo.free.fr\/?page_id=30"},"modified":"2021-09-22T06:39:11","modified_gmt":"2021-09-22T05:39:11","slug":"canal-de-nantes-a-brest","status":"publish","type":"page","link":"http:\/\/www.velocanauxdodo.fr\/?page_id=30","title":{"rendered":"Canal de Nantes \u00e0 Brest"},"content":{"rendered":"<h2><img loading=\"lazy\" decoding=\"async\" class=\"alignleft size-medium wp-image-132\" title=\"nan-ph1\" src=\"\/wp-content\/uploads\/nan-ph1-200x300.jpg\" alt=\"nan-ph1\" width=\"137\" height=\"185\">Le voyage:<\/h2>\n<p>Mai 2008. Aller Massy-TGV\u2192Brest via Rennes retour Nantes\u2192Massy-TGV , le pied (NB: On habite Massy!) MAIS \u00e0 l&rsquo;aller, la SNCF a fait du surbooking. Explications: Dans les TGV \u00ab\u00a0traditionnels\u00a0\u00bb , il existe un compartiment sp\u00e9cial r\u00e9serv\u00e9 aux v\u00e9los. 4 v\u00e9los &nbsp;pour toute une rame de TGV, et encore pas sur toutes, c&rsquo;est pas beaucoup, mais quand on est 4 c&rsquo;est suffisant. Sur cette ligne circulent des TGV dits \u00ab\u00a0Lacroix\u00a0\u00bb, le couturier, c&rsquo;est lui qui les a \u00ab\u00a0design\u00e9\u00a0\u00bb! plus de compartiment v\u00e9lo, mais un espace dans une cabine mixte avec 4 strapontins sur lesquels on peut appuyer des v\u00e9los (4 mon \u0153il!). Quand on r\u00e9serve des places v\u00e9lo (10\u20ac par v\u00e9lo par trajet quand m\u00eame) les places strapontins ne doivent pas \u00eatre vendues. Elles l&rsquo;ont \u00e9t\u00e9 et on a du mettre nos 4 v\u00e9los &nbsp;dans le sas d&rsquo;entr\u00e9e!! Merci la SNCF.<img loading=\"lazy\" decoding=\"async\" class=\"alignright size-medium wp-image-134\" title=\"nan-ph3\" src=\"\/wp-content\/uploads\/nan-ph3-300x200.jpg\" alt=\"nan-ph3\" width=\"300\" height=\"200\" srcset=\"http:\/\/www.velocanauxdodo.fr\/wp-content\/uploads\/nan-ph3-300x200.jpg 300w, http:\/\/www.velocanauxdodo.fr\/wp-content\/uploads\/nan-ph3.jpg 448w\" sizes=\"auto, (max-width: 300px) 100vw, 300px\" \/><\/p>\n<h2>L&rsquo;itin\u00e9raire:<\/h2>\n<p>Brest\u2192Chateaulin en TER, Chateaulin\u2192Nort-sur-Erdre le long du chemin de halage et Nort\u2192Nantes en taxi.<\/p>\n<h5><a href=\"\/wp-content\/uploads\/fleche.gif\"><img loading=\"lazy\" decoding=\"async\" class=\"alignnone size-full wp-image-404\" title=\"fleche\" src=\"\/wp-content\/uploads\/fleche.gif\" alt=\"fleche\" width=\"49\" height=\"23\"><\/a>Arriver en train (il y a des TGV) \u00e0 Quimper. Ville certainement plus sympa que Brest m\u00eame pour une soir\u00e9e.<\/h5>\n<p>Pourquoi dans le sens Brest\u2192Nantes? D&rsquo;abord parce que \u00e7a collait mieux avec les trains. Ensuite pour une raison scientifique. On s&rsquo;est dit \u00abLes vents dominants (et la pluie) viennent de l&rsquo;ouest\u00bb donc, pour ne pas avoir le vent (et la pluie) dans le nez, on va le faire d&rsquo;ouest en est. Pas de bol, il a fait beau (presque) tout le temps avec des vents dominants du sud-est!<\/p>\n<h2>Les \u00e9tapes:<\/h2>\n<h3>Brest:<\/h3>\n<p>Ville triste, grise, froide. Tout est boucl\u00e9 (pont du 8 mai!!). Comme dit plus haut, arriver plut\u00f4t \u00e0 Quimper, voire directement \u00e0 Chateaulin.<\/p>\n<h4><img loading=\"lazy\" decoding=\"async\" class=\"alignnone size-full wp-image-317\" title=\"non\" src=\"\/wp-content\/uploads\/non.gif\" alt=\"non\" width=\"48\" height=\"48\">&nbsp;Nuit \u00e0 Brest: <a href=\"http:\/\/www.brest-hotel.com\/\" target=\"_blank\" rel=\"noopener\">H\u00f4tel Saint-Louis<\/a><\/h4>\n<p>Tout juste passable. En cours de r\u00e9novation. Local (encombr\u00e9) pour les v\u00e9los, occup\u00e9 par un chien malade et vomissant!!!<\/p>\n<h3>Brest\u2192Chateaulin puis Chateaulin\u2192Pont-Coblan (30km):<img loading=\"lazy\" decoding=\"async\" class=\"alignright size-medium wp-image-133\" title=\"nan-ph2\" src=\"\/wp-content\/uploads\/nan-ph2-300x200.jpg\" alt=\"nan-ph2\" width=\"300\" height=\"200\" srcset=\"http:\/\/www.velocanauxdodo.fr\/wp-content\/uploads\/nan-ph2-300x200.jpg 300w, http:\/\/www.velocanauxdodo.fr\/wp-content\/uploads\/nan-ph2.jpg 448w\" sizes=\"auto, (max-width: 300px) 100vw, 300px\" \/><\/h3>\n<p>TER de Brest \u00e0 Chateaulin. A Chateaulin, petit d\u00e9tour vers Port-Launay. Il pleut des cordes. Halte d\u00e9jeuner-s\u00e9chage \u00e0 la caf\u00e9t\u00e9ria du Leclerc.<\/p>\n<p>Des tables de&nbsp;piquenique <span style=\"text-decoration: underline;\">couvertes<\/span> le long du halage.<\/p>\n<h4>&nbsp;<img loading=\"lazy\" decoding=\"async\" class=\"alignnone size-full wp-image-317\" title=\"non\" src=\"\/wp-content\/uploads\/non.gif\" alt=\"non\" width=\"48\" height=\"48\">&nbsp;Nuit \u00e0 Pont-Coblan: H\u00f4tel du Poisson Blanc<\/h4>\n<p>Cher, quelconque au niveau h\u00f4tellerie (literie&nbsp;HS)&nbsp;et table.<\/p>\n<h4>&nbsp;<img loading=\"lazy\" decoding=\"async\" class=\"alignnone size-full wp-image-317\" title=\"non\" src=\"\/wp-content\/uploads\/non.gif\" alt=\"non\" width=\"48\" height=\"48\">&nbsp;Pont-Coblan: Club nautique:<\/h4>\n<p>J&rsquo;avais voulu r\u00e9server. On m&rsquo;avait dit que c&rsquo;\u00e9tait complet. Comme nous \u00e9tions \u00e0 c\u00f4t\u00e9, je suis all\u00e9 voir. Personne! Week-end peinard!!<\/p>\n<h3>Pont-Coblan\u2192Port-de-Carhaix (51km)<\/h3>\n<p>Ravitaillement le midi \u00e0 Chateauneuf-du-Faou (\u00e7a monte!). A Carhaix navette gratuite et \u00e0 la demande depuis tout point de la commune. Comme le restaurant du Nivernic \u00e9tait ferm\u00e9 le soir, la navette nous a emmen\u00e9 en ville. Apr\u00e8s visite et d\u00eener, un coup de fil et la navette nous a ramen\u00e9 au g\u00eete. Elle est pas belle la vie?<\/p>\n<h4>&nbsp;<img loading=\"lazy\" decoding=\"async\" class=\"alignnone size-full wp-image-313\" title=\"oui\" src=\"\/wp-content\/uploads\/oui.gif\" alt=\"oui\" width=\"50\" height=\"35\">Port-de-Carhaix: Chambre d&rsquo;h\u00f4tes \u00ab\u00a0Le Nivernic\u00a0\u00bb\u00a0\u00bb<\/h4>\n<p>Belles chambres, accueil tr\u00e8s chaleureux. Petit d\u00e9jeuner parfait. Dommage que le restaurant ait \u00e9t\u00e9 ferm\u00e9 (pour cause de grand banquet le lendemain) car la carte \u00e9tait fort sympathique. Mais la cr\u00eaperie de Carhaix n&rsquo;\u00e9tait pas mal non plus.<\/p>\n<h3>Port-de-Carhaix\u2192Mur-de-Bretagne\/Le Ponguern (65km)<\/h3>\n<p>Chemin de halage jusqu&rsquo;\u00e0 l&rsquo;\u00e9cluse de Bellevue. <img loading=\"lazy\" decoding=\"async\" class=\"alignright size-medium wp-image-599\" title=\"20080512150421-img_8034\" src=\"\/wp-content\/uploads\/20080512150421-img_8034-300x144.jpg\" alt=\"20080512150421-img_8034\" width=\"300\" height=\"144\" srcset=\"http:\/\/www.velocanauxdodo.fr\/wp-content\/uploads\/20080512150421-img_8034-300x144.jpg 300w, http:\/\/www.velocanauxdodo.fr\/wp-content\/uploads\/20080512150421-img_8034.jpg 448w\" sizes=\"auto, (max-width: 300px) 100vw, 300px\" \/>Monter \u00e0 gauche et prendre une belle route toute neuve (et qui monte bien) jusqu&rsquo;\u00e0 la N164. L\u00e0 prendre la voie verte (ancienne voie ferr\u00e9e) jusqu&rsquo;\u00e0 Mur-de-Bretagne ou plusieurs solutions sont possibles pour redescendre vers la rivi\u00e8re. Vous pouvez remonter jusqu&rsquo;au barrage, c&rsquo;est sans int\u00e9r\u00eat.<\/p>\n<h4>&nbsp;<img loading=\"lazy\" decoding=\"async\" class=\"alignnone size-full wp-image-308\" title=\"coeur_022\" src=\"\/wp-content\/uploads\/coeur_022.gif\" alt=\"coeur_022\" width=\"48\" height=\"48\">Le Ponguern: Chambre d&rsquo;h\u00f4tes \u00ab\u00a0<a href=\"http:\/\/tycanal.e-monsite.com\/\" target=\"_blank\" rel=\"noopener\">Leboudec<\/a>\u00ab\u00a0<\/h4>\n<p>Au bord du canal. Superbe b\u00e2tisse, parc fleuri et peupl\u00e9 de divers animaux. Chambre coquette et confortable. Repas de roi. On s&rsquo;arr\u00eaterait bien pour y rester quelques jours.<\/p>\n<h3>Pontguern\u2192Rohan (42km)<\/h3>\n<p>Le midi pour le&nbsp;piquenique \u00e0 Pontivy dans le parc des R\u00e9collets sur l&rsquo;ile du m\u00eame nom. On peut visiter le ch\u00e2teau. passage au site remarquable d&rsquo;Hilvern avec sa tranch\u00e9e et d\u00e9versoir de la <a href=\"http:\/\/www.velocanauxdodo.fr\/?page_id=7602\">Rigole d\u2019Hilvern <\/a>&nbsp;qui alimente ce bief de partage ainsi que les 22 \u00e9cluses de Gueltas.<\/p>\n<h4><img loading=\"lazy\" decoding=\"async\" class=\"alignnone size-full wp-image-313\" title=\"oui\" src=\"\/wp-content\/uploads\/oui.gif\" alt=\"oui\" width=\"48\" height=\"48\">Rohan: Chambre d&rsquo;h\u00f4tes \u00ab\u00a0Mme Le Pottier\u00a0\u00bb<\/h4>\n<p>Dans la haute ville. Ca veut dire que \u00e7a monte. Et \u00e7a monte!!. Belle b\u00e2tisse, belle chambre. Bon accueil. La patronne est un moulin \u00e0 paroles. Bonne cr\u00eaperie dans la ville basse (faut remonter apr\u00e8s).<\/p>\n<h3>Rohan\u2192Malestroit (49km)<\/h3>\n<p>Le midi pour le&nbsp;piquenique \u00e0 Josselin au pied du Ch\u00e2teau. On peut visiter le ch\u00e2teau et son parc.<\/p>\n<h4><img loading=\"lazy\" decoding=\"async\" class=\"alignnone size-full wp-image-313\" title=\"oui\" src=\"\/wp-content\/uploads\/oui.gif\" alt=\"oui\" width=\"48\" height=\"48\">Malestroit: G\u00eete d&rsquo;\u00e9tape \u00ab\u00a0<a href=\"http:\/\/www.malestroit.com\/\" target=\"_blank\" rel=\"noopener\">L&rsquo;Ecluse<\/a>\u00ab\u00a0<\/h4>\n<p>Au bord du canal, maison \u00e9clusi\u00e8re avec 2 dortoirs, cuisine et salle \u00e0 manger. A deux pas du centre ville et des commerces.<\/p>\n<div id=\"attachment_135\" style=\"width: 310px\" class=\"wp-caption alignright\"><img loading=\"lazy\" decoding=\"async\" aria-describedby=\"caption-attachment-135\" class=\"size-medium wp-image-135 \" title=\"nan-ph4\" src=\"\/wp-content\/uploads\/nan-ph4-300x200.jpg\" alt=\"Le bout du chemin\" width=\"300\" height=\"200\" srcset=\"http:\/\/www.velocanauxdodo.fr\/wp-content\/uploads\/nan-ph4-300x200.jpg 300w, http:\/\/www.velocanauxdodo.fr\/wp-content\/uploads\/nan-ph4.jpg 448w\" sizes=\"auto, (max-width: 300px) 100vw, 300px\" \/><p id=\"caption-attachment-135\" class=\"wp-caption-text\">Le bout du chemin<\/p><\/div>\n<h3>Malestroit\u2192F\u00e9gr\u00e9ac (50km)<\/h3>\n<p>Matin\u00e9e &nbsp;pluvieuse. Cette information serait sans importance, s&rsquo;il y avait des abris le long de ce tron\u00e7on! Mais rien, pas un petit pont pour s&rsquo;abriter avant celui de \u00ab\u00a0La Potinais\u00a0\u00bb un peu avant Redon, ou on s&rsquo;est retrouv\u00e9 \u00e0 4 cyclistes, 3 p\u00eacheurs et 2 chiens!&nbsp;piquenique le midi \u00e0 Redon. Le mus\u00e9e de la navigation est ferm\u00e9 pour r\u00e9novation.<\/p>\n<h4><img loading=\"lazy\" decoding=\"async\" class=\"alignnone size-full wp-image-313\" title=\"oui\" src=\"\/wp-content\/uploads\/oui.gif\" alt=\"oui\" width=\"48\" height=\"48\">Pont Miny: G\u00eete d&rsquo;\u00e9tape \u00ab\u00a0Maison du canal\u00a0\u00bb.<\/h4>\n<h3>Pont-Miny\u2192Blain<\/h3>\n<p>Approvisionnement possible \u00e0 F\u00e9gr\u00e9ac, belle chapelle retap\u00e9e.<\/p>\n<p>A Blain on peut visiter le ch\u00e2teau qui abrite plusieurs associations dont une qui fabrique des v\u00eatements (et armures) moyen\u00e2geux. A quelques km, sur la D42 on peut visiter la chapelle St Roch repeinte par une association locale.<\/p>\n<div>\n<h4>&nbsp;<img loading=\"lazy\" decoding=\"async\" class=\"alignnone size-full wp-image-418\" title=\"bof\" src=\"\/wp-content\/uploads\/bof.gif\" alt=\"bof\" width=\"48\" height=\"48\">Blain: Chambre d&rsquo;h\u00f4tes \u00ab\u00a0Mme H\u00e9caud\u00a0\u00bb<\/h4>\n<\/div>\n<p class=\"mceTemp\">Bon accueil mais gite moyen, pas de table d&rsquo;h\u00f4te, bruyant (la N171 est \u00e0 c\u00f4t\u00e9)<\/p>\n<h3>Blain\u2192Nort-sur-Erdre (36km) puis Nort\u2192Nantes <a href=\"\/wp-content\/uploads\/nan-var1.jpg\" target=\"_blank\" rel=\"noopener\"><img loading=\"lazy\" decoding=\"async\" class=\"size-thumbnail wp-image-136 alignright\" title=\"nan-var1\" src=\"\/wp-content\/uploads\/nan-var1-150x150.jpg\" alt=\"nan-var1\" width=\"150\" height=\"150\"><\/a><\/h3>\n<p>Derni\u00e8re petite \u00e9tape jusqu&rsquo;\u00e0 Nort. On peut pousser jusqu&rsquo;\u00e0 l&rsquo;\u00e9cluse de Quiheix pour voir le bout du canal (\u00e0 d\u00e9faut de tunnel). Pour rejoindre Nort par les petites routes, on peut \u00e0 800m de l&rsquo;\u00e9cluse de Quiheix, tourner \u00e0 droite vers La Poupini\u00e8re.<\/p>\n<p>Pour revenir sur Nantes, peu de chemin bucolique. Nous sommes rentr\u00e9s en taxi \u00e0 4 avec 4 v\u00e9los. Merci aux Taxi Ravily Marsien (0251811012 ou 0240771516) et \u00e0 leur Mercedes 7 places.<\/p>\n<p>Un itin\u00e9raire s\u00e9curis\u00e9 propos\u00e9 par un \u00ab\u00a0autochtone\u00a0\u00bb entre Nort et Suc\u00e9 <a href=\"http:\/\/www.openrunner.com\/index.php?id=812664 \" target=\"_blank\" rel=\"noopener\">ici<\/a>.<\/p>\n<h4>&nbsp;<img loading=\"lazy\" decoding=\"async\" class=\"alignnone size-full wp-image-313\" title=\"oui\" src=\"\/wp-content\/uploads\/oui.gif\" alt=\"oui\" width=\"48\" height=\"48\">Nantes : H\u00f4tel \u00ab\u00a0<a href=\"http:\/\/www.cardinalhotel.fr\/index.html\" target=\"_blank\" rel=\"noopener\">Cardinal\u00a0\u00bb<\/a><\/h4>\n<p>Id\u00e9alement plac\u00e9 entre la gare et le palais ducal.<\/p>\n<h2>Le parcours<\/h2>\n<p>Ci dessous la trace du parcours. A vous de jouer.<\/p>\n<p><center>[map kml=\u00a0\u00bbhttp:\/\/www.velocanauxdodo.fr\/wp-content\/gpstraces\/nantabrest220921-1.kml\u00a0\u00bb style=\u00a0\u00bbwidth:750px; height:500px;border:2px solid black; margin:20px 20px 20px 20px;\u00a0\u00bb z=\u00a0\u00bb8&Prime;]<\/center><center>&nbsp;<\/center>Les donn\u00e9es GPS compl\u00e8tes: Routes, Traces, points d&rsquo;int\u00e9r\u00eats sont disponibles dans le menu <a href=\"\/?page_id=262\">t\u00e9l\u00e9chargements<\/a>.<\/p>\n<h2>La documentation:<\/h2>\n<p><div class=\"note\"><div class=\"noteclassic\"><\/p>\n<ul>\n<li>L&rsquo;indispensable: Le canal de Nantes \u00e0 Brest par Lauriane &amp; Jacques Clouteau aux <a href=\"http:\/\/www.levieuxcrayon.com\/\" target=\"_blank\" rel=\"noopener\">\u00e9ditions du Vieux Crayon<\/a>.<\/li>\n<li>Flaneries sur la voie Bleue de Guerl\u00e9dan \u00e0 la rade de Brest, topoguide \u00e9dit\u00e9 par le <a href=\"http:\/\/www.smatah.fr\/article\/articleview\/222\/1\/117\/\" target=\"_blank\" rel=\"noopener\">SMATAH<\/a><\/li>\n<li>Le canal de Nantes \u00e0 Brest par Kader Benferhat &amp; Sandra Aubert, Photos Richard Nourry aux <a href=\"http:\/\/www.edilarge.fr\/02-pages\/02-Cat_1accueil.html\" target=\"_blank\" rel=\"noopener\">\u00e9ditions Ouest-France<\/a><\/li>\n<li>Le site du <a href=\"www.canaux-bretons.net\" target=\"_blank\" rel=\"noopener\">Comit\u00e9 des canaux Bretons<\/a>, une mine de renseignements pratiques.<\/li>\n<\/ul>\n<p>Et quelques sites :<\/p>\n<p><a href=\"http:\/\/canal.nantes.brest.free.fr\/\" target=\"_blank\" rel=\"noopener\">Le canal de Nantes \u00e0 Brest<\/a><\/p>\n<p><\/div><\/div><\/p>\n<\/p>\n<h2>Photos<\/h2>\n<p>ngg_shortcode_0_placeholder<\/p>\n<p>\n<p style=\"text-align: right;\"><a href=\"http:\/\/www.velocanauxdodo.fr\/?page_id=30&amp;print=1\" title=\"Imprimer cet article\" rel=\"nofollow\"><img decoding=\"async\" class=\"WP-PrintIcon\" src=\"http:\/\/www.velocanauxdodo.fr\/wp-content\/plugins\/wp-print\/images\/print.gif\" alt=\"Imprimer cet article\" title=\"Imprimer cet article\" style=\"border: 0px;\" \/><\/a>&nbsp;<a href=\"http:\/\/www.velocanauxdodo.fr\/?page_id=30&amp;print=1\" title=\"Imprimer cet article\" rel=\"nofollow\">Imprimer cet article<\/a><\/p>\n","protected":false},"excerpt":{"rendered":"<p>Le voyage: <\/p>\n<p>Mai 2008. Aller Massy-TGV\u2192Brest via Rennes retour Nantes\u2192Massy-TGV , le pied (NB: On habite Massy!) MAIS \u00e0 l&rsquo;aller, la SNCF a fait du surbooking. Explications: Dans les TGV \u00ab traditionnels \u00bb , il existe un compartiment sp\u00e9cial r\u00e9serv\u00e9 aux v\u00e9los. 4 v\u00e9los &nbsp;pour toute une rame de TGV, et encore pas sur toutes, [&#8230;]<\/p>\n","protected":false},"author":3,"featured_media":0,"parent":179,"menu_order":0,"comment_status":"open","ping_status":"open","template":"","meta":{"ngg_post_thumbnail":0,"footnotes":""},"class_list":["post-30","page","type-page","status-publish","hentry","odd"],"_links":{"self":[{"href":"http:\/\/www.velocanauxdodo.fr\/index.php?rest_route=\/wp\/v2\/pages\/30","targetHints":{"allow":["GET"]}}],"collection":[{"href":"http:\/\/www.velocanauxdodo.fr\/index.php?rest_route=\/wp\/v2\/pages"}],"about":[{"href":"http:\/\/www.velocanauxdodo.fr\/index.php?rest_route=\/wp\/v2\/types\/page"}],"author":[{"embeddable":true,"href":"http:\/\/www.velocanauxdodo.fr\/index.php?rest_route=\/wp\/v2\/users\/3"}],"replies":[{"embeddable":true,"href":"http:\/\/www.velocanauxdodo.fr\/index.php?rest_route=%2Fwp%2Fv2%2Fcomments&post=30"}],"version-history":[{"count":48,"href":"http:\/\/www.velocanauxdodo.fr\/index.php?rest_route=\/wp\/v2\/pages\/30\/revisions"}],"predecessor-version":[{"id":7686,"href":"http:\/\/www.velocanauxdodo.fr\/index.php?rest_route=\/wp\/v2\/pages\/30\/revisions\/7686"}],"up":[{"embeddable":true,"href":"http:\/\/www.velocanauxdodo.fr\/index.php?rest_route=\/wp\/v2\/pages\/179"}],"wp:attachment":[{"href":"http:\/\/www.velocanauxdodo.fr\/index.php?rest_route=%2Fwp%2Fv2%2Fmedia&parent=30"}],"curies":[{"name":"wp","href":"https:\/\/api.w.org\/{rel}","templated":true}]}}