{"id":5866,"date":"2017-02-20T16:18:59","date_gmt":"2017-02-20T15:18:59","guid":{"rendered":"http:\/\/www.velocanauxdodo.fr\/?page_id=5866"},"modified":"2021-09-22T06:10:26","modified_gmt":"2021-09-22T05:10:26","slug":"st-malo-carhaix-lorient","status":"publish","type":"page","link":"http:\/\/www.velocanauxdodo.fr\/?page_id=5866","title":{"rendered":"St Malo-Carhaix-Lorient V3, V6, V8 Bretonnes"},"content":{"rendered":"<p style=\"text-align: right;\"><a href=\"http:\/\/www.velocanauxdodo.fr\/?page_id=5866&amp;print=1\" title=\"Imprimer cet article\" rel=\"nofollow\"><img decoding=\"async\" class=\"WP-PrintIcon\" src=\"http:\/\/www.velocanauxdodo.fr\/wp-content\/plugins\/wp-print\/images\/print.gif\" alt=\"Imprimer cet article\" title=\"Imprimer cet article\" style=\"border: 0px;\" \/><\/a>&nbsp;<a href=\"http:\/\/www.velocanauxdodo.fr\/?page_id=5866&amp;print=1\" title=\"Imprimer cet article\" rel=\"nofollow\">Imprimer cet article<\/a><\/p>\n<h4>Du&nbsp;3 au 10&nbsp;septembre 2016 sur les Voies Vertes&nbsp;Bretonne V3-V6 et V7&nbsp;entre St Malo et Lorient via Mur de Bretagne et Carhaix.<\/h4>\n<h2>Le voyage:<\/h2>\n<p>Coul\u00e9e verte entre Massy et la gare Montparnasse et TGV jusqu&rsquo;\u00e0 St Malo pour l&rsquo;aller. Retour en TGV de Lorient \u00e0 Massy.<img loading=\"lazy\" decoding=\"async\" class=\"alignright wp-image-5868\" src=\"http:\/\/www.velocanauxdodo.fr\/wp-content\/uploads\/20160905_100620-DSC00250-587x640-275x300.jpg\" width=\"138\" height=\"150\" srcset=\"http:\/\/www.velocanauxdodo.fr\/wp-content\/uploads\/20160905_100620-DSC00250-587x640-275x300.jpg 275w, http:\/\/www.velocanauxdodo.fr\/wp-content\/uploads\/20160905_100620-DSC00250-587x640-138x150.jpg 138w, http:\/\/www.velocanauxdodo.fr\/wp-content\/uploads\/20160905_100620-DSC00250-587x640-400x436.jpg 400w, http:\/\/www.velocanauxdodo.fr\/wp-content\/uploads\/20160905_100620-DSC00250-587x640.jpg 587w\" sizes=\"auto, (max-width: 138px) 100vw, 138px\" \/><\/p>\n<h2>L\u2019itin\u00e9raire<\/h2>\n<p>En suivant les Voies Vertes&nbsp; Bretonnes 3, 6 et 7.<\/p>\n<h2>Les \u00e9tapes:<\/h2>\n<h3>St Malo&nbsp;\u2192&nbsp;Dinan (30&nbsp;&nbsp;km)<\/h3>\n<div id=\"attachment_5883\" style=\"width: 310px\" class=\"wp-caption alignright\"><img loading=\"lazy\" decoding=\"async\" aria-describedby=\"caption-attachment-5883\" class=\"wp-image-5883 size-medium\" src=\"http:\/\/www.velocanauxdodo.fr\/wp-content\/uploads\/20160903_135625-DSC00147-640x427-300x200.jpg\" width=\"300\" height=\"200\" srcset=\"http:\/\/www.velocanauxdodo.fr\/wp-content\/uploads\/20160903_135625-DSC00147-640x427-300x200.jpg 300w, http:\/\/www.velocanauxdodo.fr\/wp-content\/uploads\/20160903_135625-DSC00147-640x427-150x100.jpg 150w, http:\/\/www.velocanauxdodo.fr\/wp-content\/uploads\/20160903_135625-DSC00147-640x427-400x267.jpg 400w, http:\/\/www.velocanauxdodo.fr\/wp-content\/uploads\/20160903_135625-DSC00147-640x427.jpg 640w\" sizes=\"auto, (max-width: 300px) 100vw, 300px\" \/><p id=\"caption-attachment-5883\" class=\"wp-caption-text\">Travers\u00e9e St Malo-Dinard<\/p><\/div>\n<p>De la gare au port pour l&#8217;embarquement vers Dinard. <span style=\"color: #ff0000;\">Incontournable, au propre comme au figur\u00e9 (il n&rsquo;y a pas d&rsquo;am\u00e9nagement cyclable entre St Malo et Dinard par le barrage de la Rance), la travers\u00e9e en bateau s&rsquo;impose mais au tarif fort puisque les v\u00e9los payent le m\u00eame prix que les pi\u00e9tons! A noter aussi le non am\u00e9nagement du d\u00e9barcad\u00e8re \u00e0 Dinard qui impose de porter les machines dans un escalier redoutable.<\/span><\/p>\n<p>Une fois trouv\u00e9 le d\u00e9part de la V3 sur les hauteurs de Dinard, bel am\u00e9nagement jusqu&rsquo;\u00e0 Dinan. Arr\u00eat cidre \u00e0 Taden au pied du manoir.<\/p>\n<h4><img loading=\"lazy\" decoding=\"async\" class=\"alignleft wp-image-406 size-full\" title=\"oui\" src=\"http:\/\/www.velocanauxdodo.fr\/wp-content\/uploads\/oui.gif\" alt=\"oui\" width=\"48\" height=\"32\">Nuit \u00e0 <a href=\"http:\/\/www.hifrance.org\/auberge-de-jeunesse\/dinan.html?page=article\" target=\"_blank\" rel=\"noopener noreferrer\">l&rsquo;auberge de jeunesse de Dinan<\/a>.<\/h4>\n<p>Ancien moulin dans un \u00e9crin de verdure. Bon accueil.<\/p>\n<p>&nbsp;<\/p>\n<h3>Dinan&nbsp;\u2192&nbsp;&nbsp;St-M\u00e9en-Le-Grand (56&nbsp;&nbsp;km)<\/h3>\n<div id=\"attachment_5902\" style=\"width: 310px\" class=\"wp-caption alignleft\"><img loading=\"lazy\" decoding=\"async\" aria-describedby=\"caption-attachment-5902\" class=\"size-medium wp-image-5902\" src=\"http:\/\/www.velocanauxdodo.fr\/wp-content\/uploads\/20160904_134912-DSC00232-640x427-300x200.jpg\" alt=\"\" width=\"300\" height=\"200\" srcset=\"http:\/\/www.velocanauxdodo.fr\/wp-content\/uploads\/20160904_134912-DSC00232-640x427-300x200.jpg 300w, http:\/\/www.velocanauxdodo.fr\/wp-content\/uploads\/20160904_134912-DSC00232-640x427-150x100.jpg 150w, http:\/\/www.velocanauxdodo.fr\/wp-content\/uploads\/20160904_134912-DSC00232-640x427-400x267.jpg 400w, http:\/\/www.velocanauxdodo.fr\/wp-content\/uploads\/20160904_134912-DSC00232-640x427.jpg 640w\" sizes=\"auto, (max-width: 300px) 100vw, 300px\" \/><p id=\"caption-attachment-5902\" class=\"wp-caption-text\">Chateau du Hac<\/p><\/div>\n<p>Une bruine bien bretonne nous accompagne toute la matin\u00e9e. Nous revisitons l&rsquo;abbaye de Lehon qui nous procure un abriville providentiel, passons l&rsquo;\u00e9cluse de Boutron et son statuaire ferronnier puis longeons la Rance jusqu&rsquo;\u00e0 l&rsquo;\u00e9cluse du Mottay, embranchement de la V6. Pique nique \u00e0 la gare restaur\u00e9e du Quiou (toilettes s\u00e8ches top!) puis visite \u00ab\u00a0priv\u00e9e\u00a0\u00bb du chateau du Hac. La voie verte am\u00e9nag\u00e9e sur l&rsquo;ancienne voie ferr\u00e9e, jalonn\u00e9e de jolies gares restaur\u00e9es, &nbsp;monte en pente douce pendant 30 km jusqu&rsquo;\u00e0 St M\u00e9en.<\/p>\n<h4><img loading=\"lazy\" decoding=\"async\" class=\"alignleft wp-image-406 size-full\" title=\"oui\" src=\"http:\/\/www.velocanauxdodo.fr\/wp-content\/uploads\/oui.gif\" alt=\"oui\" width=\"48\" height=\"32\">Nuit \u00e0 la chambre d&rsquo;h\u00f4tes&nbsp;\u00ab\u00a0<a href=\"http:\/\/chambres.cote.cour.free.fr\/\" target=\"_blank\" rel=\"noopener noreferrer\">C\u00f4t\u00e9 Cour<\/a>\u00a0\u00bb&nbsp;\u00e0 St M\u00e9en.<\/h4>\n<p>Bon accueil. Logement joliment d\u00e9cor\u00e9 de mosa\u00efques, broderies&#8230; par la propri\u00e9taire sp\u00e9cialiste des loisirs cr\u00e9atifs. Cuisine am\u00e9nag\u00e9e et salle \u00e0 manger \u00e0 disposition. Repas \u00e9labor\u00e9 et pris sur place.<\/p>\n<h3>St M\u00e9en&nbsp;\u2192&nbsp;Loud\u00e9ac (55 km)<\/h3>\n<p>Ca parait plat mais \u00e7a ne l&rsquo;est pas! On monte de 100m en 25km (0,5%!) puis on redescend d&rsquo;autant en 15km puis on remonte&#8230; Madame regrette la platitude des canaux et envisage de passer au VAE! toujours de belles gares r\u00e9am\u00e9nag\u00e9es le long du parcours.<\/p>\n<h4><img loading=\"lazy\" decoding=\"async\" class=\"alignleft wp-image-406 size-full\" title=\"oui\" src=\"http:\/\/www.velocanauxdodo.fr\/wp-content\/uploads\/oui.gif\" alt=\"oui\" width=\"48\" height=\"32\">Nuit \u00e0 l&rsquo;h\u00f4tel \u00ab\u00a0<a href=\"http:\/\/www.hotel-restaurant-les-routiers-loudeac.fr\/\" target=\"_blank\" rel=\"noopener noreferrer\">Les routiers<\/a>\u00a0\u00bb \u00e0 Loud\u00e9ac<\/h4>\n<p>Bon accueil. Belle chambre r\u00e9nov\u00e9e. Le patron collectionne tout ce qu&rsquo;il trouve sur la 2CV et en poss\u00e8de plusieurs dont une joliment retap\u00e9e. Repas du soir et petit d\u00e8j basiques de la 1\/2 pension.&nbsp;<\/p>\n<div id=\"attachment_5900\" style=\"width: 310px\" class=\"wp-caption alignright\"><img loading=\"lazy\" decoding=\"async\" aria-describedby=\"caption-attachment-5900\" class=\"size-medium wp-image-5900\" src=\"http:\/\/www.velocanauxdodo.fr\/wp-content\/uploads\/20160906_113122-DSC00303-640x427-300x200.jpg\" alt=\"\" width=\"300\" height=\"200\" srcset=\"http:\/\/www.velocanauxdodo.fr\/wp-content\/uploads\/20160906_113122-DSC00303-640x427-300x200.jpg 300w, http:\/\/www.velocanauxdodo.fr\/wp-content\/uploads\/20160906_113122-DSC00303-640x427-150x100.jpg 150w, http:\/\/www.velocanauxdodo.fr\/wp-content\/uploads\/20160906_113122-DSC00303-640x427-400x267.jpg 400w, http:\/\/www.velocanauxdodo.fr\/wp-content\/uploads\/20160906_113122-DSC00303-640x427.jpg 640w\" sizes=\"auto, (max-width: 300px) 100vw, 300px\" \/><p id=\"caption-attachment-5900\" class=\"wp-caption-text\">La rigole d&rsquo;Hilvern<\/p><\/div>\n<h3>Loud\u00e9ac&nbsp;\u2192&nbsp;Mur de Bretagne&nbsp;(42 km) \u2192 Carhaix (bus)<\/h3>\n<p>En pente douce jusqu&rsquo;\u00e0 Caradec, nous quittons la voie ferr\u00e9e &nbsp;pour rejoindre St Th\u00e9lo et ses vieilles maisons vestiges de l&rsquo;industrie du lin et de la toile de Bretagne puis la superbe <a href=\"http:\/\/www.velocanauxdodo.fr\/?page_id=7602\">rigole d&rsquo;Hilvern<\/a> que l&rsquo;on va suivre sur 12km pour rejoindre la voie verte un peu apr\u00e8s St Caradec. Pique nique \u00e0 la gare de St Guen et petit tour au village pour d\u00e9couvrir les vieilles maisons. Visite de la chapelle Ste Suzanne \u00e0 M\u00fbr et attente du TiBus qui nous am\u00e8ne \u00e0 Carhaix.<\/p>\n<p><img loading=\"lazy\" decoding=\"async\" class=\"alignleft wp-image-5884\" src=\"http:\/\/www.velocanauxdodo.fr\/wp-content\/uploads\/tibus.jpg\" alt=\"\" width=\"231\" height=\"150\" srcset=\"http:\/\/www.velocanauxdodo.fr\/wp-content\/uploads\/tibus.jpg 266w, http:\/\/www.velocanauxdodo.fr\/wp-content\/uploads\/tibus-150x98.jpg 150w\" sizes=\"auto, (max-width: 231px) 100vw, 231px\" \/><\/p>\n<p>&nbsp;<\/p>\n<p><a href=\"http:\/\/www.tibus.fr\/\" target=\"_blank\" rel=\"noopener noreferrer\">TiBus<\/a> est un r\u00e9seau de transports mis en place par le d\u00e9partement des c\u00f4tes d&rsquo;Armor.<\/p>\n<p>Pour 2\u20ac quelque soit la distance, voyagez de ville en ville et m\u00eame votre v\u00e9lo avec vous pour le m\u00eame prix! une seule condition: pr\u00e9venir la veille pour \u00eatre assur\u00e9 de pouvoir le mettre en soute.<\/p>\n<p>&nbsp;<\/p>\n<p>&nbsp;<\/p>\n<p>De la gare de Carhaix o\u00f9 nous laisse le bus, belle et grande descente jusqu&rsquo;au camping municipal situ\u00e9 dans la vall\u00e9e de l&rsquo;Hy\u00e8re.<\/p>\n<h4><img loading=\"lazy\" decoding=\"async\" class=\"alignleft wp-image-308\" src=\"http:\/\/www.velocanauxdodo.fr\/wp-content\/uploads\/coeur_022.gif\" width=\"50\" height=\"50\">Nuit en roulotte au <a href=\"http:\/\/www.ville-carhaix.bzh\/accueil_carhaix\/decouvrir_carhaix\/tourisme_de_loisirs_et_daffaires\/camping_municipal_de_la_vallee_de_lhyeres\" target=\"_blank\" rel=\"noopener noreferrer\">camping municipal de Carhaix.<\/a><\/h4>\n<p>Belle roulotte magnifiquement \u00e9quip\u00e9e.<\/p>\n<p>&nbsp;<\/p>\n<h3>Carhaix\u2192&nbsp;Pont-Guern&nbsp;(65 km)<\/h3>\n<div id=\"attachment_5899\" style=\"width: 310px\" class=\"wp-caption alignleft\"><img loading=\"lazy\" decoding=\"async\" aria-describedby=\"caption-attachment-5899\" class=\"size-medium wp-image-5899\" src=\"http:\/\/www.velocanauxdodo.fr\/wp-content\/uploads\/20160907_150339-DSC00388-640x427-300x200.jpg\" alt=\"\" width=\"300\" height=\"200\" srcset=\"http:\/\/www.velocanauxdodo.fr\/wp-content\/uploads\/20160907_150339-DSC00388-640x427-300x200.jpg 300w, http:\/\/www.velocanauxdodo.fr\/wp-content\/uploads\/20160907_150339-DSC00388-640x427-150x100.jpg 150w, http:\/\/www.velocanauxdodo.fr\/wp-content\/uploads\/20160907_150339-DSC00388-640x427-400x267.jpg 400w, http:\/\/www.velocanauxdodo.fr\/wp-content\/uploads\/20160907_150339-DSC00388-640x427.jpg 640w\" sizes=\"auto, (max-width: 300px) 100vw, 300px\" \/><p id=\"caption-attachment-5899\" class=\"wp-caption-text\">Le pont de Bon Repos<\/p><\/div>\n<p>Nous remontons dans Carhaix pour redescendre \u00e0 l&rsquo;est et retrouver la V6. puis 20km de mont\u00e9e \u00e0 0,7%! C&rsquo;est s\u00fbr, le VAE est pour bient\u00f4t! Nous passons \u00e0 Rostrenen puis \u00e0 Gouarec o\u00f9 nous retrouvons le canal de Nantes \u00e0 Brest.<\/p>\n<p>Nous longeons ensuite le Blavet et visitons l&rsquo;abbaye de Bon Repos puis passage au dessus du&nbsp;lac de Guerl\u00e9dan&nbsp;avant de &nbsp;retrouver M\u00fbr de Bretagne. Grande descente jusqu&rsquo;\u00e0 Pont-Guern o\u00f9 nous retrouvons le g\u00eete o\u00f9 nous avions s\u00e9journ\u00e9 en 2008.<\/p>\n<h4><img loading=\"lazy\" decoding=\"async\" class=\"alignleft wp-image-308\" src=\"http:\/\/www.velocanauxdodo.fr\/wp-content\/uploads\/coeur_022.gif\" width=\"50\" height=\"50\">Nuit en <a href=\"http:\/\/tycanal.e-monsite.com\/\" target=\"_blank\" rel=\"noopener noreferrer\">chambre d&rsquo;h\u00f4tes \u00e0 Pont-Guern <\/a>chez Mr &amp; Mme Le Boudec.<\/h4>\n<p>Toujours parfait mais dommage qu&rsquo;il n&rsquo;y ai plus la table d&rsquo;h\u00f4tes.&nbsp; Y. Le Boudec \u0153uvre au sein de l&rsquo;association canal Guerl\u00e9dan-Pontivy pour la r\u00e9habilitation du canal (<a href=\"http:\/\/www.velocanauxdodo.fr\/?p=5600\">voir article<\/a>)<\/p>\n<h3>Pont-Guern \u2192 Melrand (58km)<\/h3>\n<div id=\"attachment_5895\" style=\"width: 810px\" class=\"wp-caption aligncenter\"><img loading=\"lazy\" decoding=\"async\" aria-describedby=\"caption-attachment-5895\" class=\"size-full wp-image-5895\" src=\"http:\/\/www.velocanauxdodo.fr\/wp-content\/uploads\/20160908_150631-DSC00471-800x176.jpg\" alt=\"\" width=\"800\" height=\"176\" srcset=\"http:\/\/www.velocanauxdodo.fr\/wp-content\/uploads\/20160908_150631-DSC00471-800x176.jpg 800w, http:\/\/www.velocanauxdodo.fr\/wp-content\/uploads\/20160908_150631-DSC00471-800x176-300x66.jpg 300w, http:\/\/www.velocanauxdodo.fr\/wp-content\/uploads\/20160908_150631-DSC00471-800x176-768x169.jpg 768w, http:\/\/www.velocanauxdodo.fr\/wp-content\/uploads\/20160908_150631-DSC00471-800x176-150x33.jpg 150w, http:\/\/www.velocanauxdodo.fr\/wp-content\/uploads\/20160908_150631-DSC00471-800x176-400x88.jpg 400w\" sizes=\"auto, (max-width: 800px) 100vw, 800px\" \/><p id=\"caption-attachment-5895\" class=\"wp-caption-text\">Le Blavet se la coule douce<\/p><\/div>\n<p>Apr\u00e8s un petit d\u00e9jeuner royal petite visite \u00e0 l&rsquo;\u00e9cluse de Poulhibet pour rencontrer les membres de l&rsquo;association puis d\u00e9part le long du Blavet sur le halage du canal de Nantes \u00e0 Brest. Nous quittons le canal (ou plut\u00f4t c&rsquo;est lui qui nous quitte) \u00e0 Pontivy et continuons le long du Blavet. Arr\u00eat culturel \u00e0 St-Nicolas-des-Eaux; \u00e9glise, fontaine, vieilles maisons&#8230; A l&rsquo;\u00e9cluse de Boternau&nbsp;nous prenons la route de Melrand agr\u00e9ment\u00e9e de quelques c\u00f4tes. D\u00e9pose des bagages \u00e0 l&rsquo;h\u00f4tel puis d\u00e9part vers le <a href=\"http:\/\/www.villagedelanmil-melrand.fr\/default\/#\" target=\"_blank\" rel=\"noopener noreferrer\">village de l&rsquo;an mil<\/a>&nbsp;par une courte route agr\u00e9ment\u00e9e de fortes c\u00f4tes! plus de doute quant au VAE!<\/p>\n<h4><img loading=\"lazy\" decoding=\"async\" class=\"alignleft wp-image-406 size-full\" title=\"oui\" src=\"http:\/\/www.velocanauxdodo.fr\/wp-content\/uploads\/oui.gif\" alt=\"oui\" width=\"48\" height=\"32\">Nuit \u00e0 l&rsquo;auberge de&nbsp;\u00ab\u00a0<a href=\"http:\/\/www.melrand.fr\/fr\/information\/50828\/hotel-restaurant\" target=\"_blank\" rel=\"noopener noreferrer\">La tourelle<\/a>\u00a0\u00bb \u00e0 Melrand<\/h4>\n<p>Belle petite chambre pour 30\u20ac! Diner \u00e0 la cr\u00eaperie voisine et d\u00e9couverte de mets traditionnels locaux: galette s\u00e8che au lait ribot, bouillie de millet.<\/p>\n<h3>Melrand \u2192&nbsp;Lorient (58km)<img loading=\"lazy\" decoding=\"async\" class=\"alignright wp-image-5898 size-medium\" src=\"http:\/\/www.velocanauxdodo.fr\/wp-content\/uploads\/20160909_135314-DSC00544-427x640-200x300.jpg\" width=\"200\" height=\"300\" srcset=\"http:\/\/www.velocanauxdodo.fr\/wp-content\/uploads\/20160909_135314-DSC00544-427x640-200x300.jpg 200w, http:\/\/www.velocanauxdodo.fr\/wp-content\/uploads\/20160909_135314-DSC00544-427x640-100x150.jpg 100w, http:\/\/www.velocanauxdodo.fr\/wp-content\/uploads\/20160909_135314-DSC00544-427x640-400x599.jpg 400w, http:\/\/www.velocanauxdodo.fr\/wp-content\/uploads\/20160909_135314-DSC00544-427x640.jpg 427w\" sizes=\"auto, (max-width: 200px) 100vw, 200px\" \/><\/h3>\n<p>Route tranquille et plate sur le halage du Blavet jusqu&rsquo;\u00e0 Hennebont o\u00f9 s&rsquo;arr\u00eate le chemin et nous prenons le train jusqu&rsquo;\u00e0 Lorient pour \u00e9viter les voitures. Travers\u00e9e de la ville jusqu&rsquo;\u00e0 l&rsquo;\u00e9tang du Ter ou se trouve l&rsquo;auberge de jeunesse.<\/p>\n<h4><img loading=\"lazy\" decoding=\"async\" class=\"alignleft wp-image-406 size-full\" title=\"oui\" src=\"http:\/\/www.velocanauxdodo.fr\/wp-content\/uploads\/oui.gif\" alt=\"oui\" width=\"48\" height=\"32\">Nuit \u00e0 <a href=\"http:\/\/www.hifrance.org\/auberge-de-jeunesse\/lorient.html\" target=\"_blank\" rel=\"noopener noreferrer\">l&rsquo;auberge de jeunesse de Lorient<\/a><\/h4>\n<p>et diner pr\u00e9par\u00e9 sur place.<\/p>\n<p>D\u00e9part le lendemain \u00e0 l&rsquo;aube sous un l\u00e9ger crachin vers la gare de Lorient et retour au bercail.<\/p>\n<h3>En guise de conclusion<\/h3>\n<p>Belle rando. Encore une fois un temps superbe en Bretagne. Des h\u00e9bergements de qualit\u00e9 \u00e0 des prix raisonnables. Des rencontres enrichissantes avec des gens d&rsquo;une rare gentillesse. Seul b\u00e9mol, cette odeur de lisier omnipr\u00e9sente! Et un dernier conseil: les voies vertes bretonnes utilisent les anciennes voies ferr\u00e9es. Bien que les pentes soient peu importantes (moins de 1% en moyenne) elles sont souvent longues, tr\u00e8s longues et usantes.<\/p>\n<h3>Le parcours<\/h3>\n<p>Ci dessous la trace du parcours. A vous de jouer.<\/p>\n<p><center>[map kml=\u00a0\u00bbhttp:\/\/www.velocanauxdodo.fr\/wp-content\/gpstraces\/v3v6v7220921-1.kml\u00a0\u00bb style=\u00a0\u00bbwidth:850px; height:600px;border:2px solid black; margin:20px 20px 20px 20px;\u00a0\u00bb]<\/center>La trace GPS est disponible dans le menu <a href=\"\/?page_id=262\">t\u00e9l\u00e9chargements<\/a>.<\/p>\n<h3>Documentation<\/h3>\n<p><div class=\"note\"><div class=\"noteclassic\"><\/p>\n<p>Le site <a href=\"https:\/\/velo.tourismebretagne.com\/\" target=\"_blank\" rel=\"noopener noreferrer\">v\u00e9lo-Tourisme-Bretagne<\/a>.<\/p>\n<p>Site de l&rsquo;<a href=\"http:\/\/www.af3v.org\/-Fiche-VVV-.html?voie=172\" target=\"_blank\" rel=\"noopener noreferrer\">AF3V<\/a>.<\/p>\n<p>Le livre \u00ab\u00a0La Bretagne par les voies vertes\u00a0\u00bb (Ed Ouest-France)<\/p>\n<p>Le guide \u00ab\u00a0La Bretagne \u00e0 v\u00e9lo\u00a0\u00bb (Ed Ouest-France)<\/p>\n<p><\/div><\/div><\/p>\n<\/p>\n<h2>Photos<\/h2>\n<p>ngg_shortcode_0_placeholder<\/p>\n<p>\n<p style=\"text-align: right;\"><a href=\"http:\/\/www.velocanauxdodo.fr\/?page_id=5866&amp;print=1\" title=\"Imprimer cet article\" rel=\"nofollow\"><img decoding=\"async\" class=\"WP-PrintIcon\" src=\"http:\/\/www.velocanauxdodo.fr\/wp-content\/plugins\/wp-print\/images\/print.gif\" alt=\"Imprimer cet article\" title=\"Imprimer cet article\" style=\"border: 0px;\" \/><\/a>&nbsp;<a href=\"http:\/\/www.velocanauxdodo.fr\/?page_id=5866&amp;print=1\" title=\"Imprimer cet article\" rel=\"nofollow\">Imprimer cet article<\/a><\/p>\n<p>&nbsp;<\/p>\n<p>&nbsp;<\/p>\n","protected":false},"excerpt":{"rendered":"<p style=\"text-align: right;\">&nbsp;Imprimer cet article<\/p>\n<p> Du&nbsp;3 au 10&nbsp;septembre 2016 sur les Voies Vertes&nbsp;Bretonne V3-V6 et V7&nbsp;entre St Malo et Lorient via Mur de Bretagne et Carhaix. Le voyage: <\/p>\n<p>Coul\u00e9e verte entre Massy et la gare Montparnasse et TGV jusqu&rsquo;\u00e0 St Malo pour l&rsquo;aller. Retour en TGV de Lorient \u00e0 Massy.<\/p>\n<p> L\u2019itin\u00e9raire <\/p>\n<p>En suivant les Voies [&#8230;]<\/p>\n","protected":false},"author":1,"featured_media":0,"parent":1251,"menu_order":0,"comment_status":"closed","ping_status":"closed","template":"","meta":{"ngg_post_thumbnail":0,"footnotes":""},"class_list":["post-5866","page","type-page","status-publish","hentry","odd"],"_links":{"self":[{"href":"http:\/\/www.velocanauxdodo.fr\/index.php?rest_route=\/wp\/v2\/pages\/5866","targetHints":{"allow":["GET"]}}],"collection":[{"href":"http:\/\/www.velocanauxdodo.fr\/index.php?rest_route=\/wp\/v2\/pages"}],"about":[{"href":"http:\/\/www.velocanauxdodo.fr\/index.php?rest_route=\/wp\/v2\/types\/page"}],"author":[{"embeddable":true,"href":"http:\/\/www.velocanauxdodo.fr\/index.php?rest_route=\/wp\/v2\/users\/1"}],"replies":[{"embeddable":true,"href":"http:\/\/www.velocanauxdodo.fr\/index.php?rest_route=%2Fwp%2Fv2%2Fcomments&post=5866"}],"version-history":[{"count":36,"href":"http:\/\/www.velocanauxdodo.fr\/index.php?rest_route=\/wp\/v2\/pages\/5866\/revisions"}],"predecessor-version":[{"id":7685,"href":"http:\/\/www.velocanauxdodo.fr\/index.php?rest_route=\/wp\/v2\/pages\/5866\/revisions\/7685"}],"up":[{"embeddable":true,"href":"http:\/\/www.velocanauxdodo.fr\/index.php?rest_route=\/wp\/v2\/pages\/1251"}],"wp:attachment":[{"href":"http:\/\/www.velocanauxdodo.fr\/index.php?rest_route=%2Fwp%2Fv2%2Fmedia&parent=5866"}],"curies":[{"name":"wp","href":"https:\/\/api.w.org\/{rel}","templated":true}]}}