{"id":6217,"date":"2017-10-18T07:34:14","date_gmt":"2017-10-18T06:34:14","guid":{"rendered":"http:\/\/www.velocanauxdodo.fr\/?page_id=6217"},"modified":"2017-10-18T07:39:15","modified_gmt":"2017-10-18T06:39:15","slug":"dans-la-roue-dhenri","status":"publish","type":"page","link":"http:\/\/www.velocanauxdodo.fr\/?page_id=6217","title":{"rendered":"Dans la roue d&rsquo;Henri"},"content":{"rendered":"<p>Entre 1889 et 1910, un jeune cycliste Parisien tient un journal de ses randonn\u00e9es \u00e0 v\u00e9lo. Les carnets d&rsquo;Henri Andr\u00e9 ont \u00e9t\u00e9 retrouv\u00e9 par Marc Schrevel, autre v\u00e9locanauxrandodoneur, qui les a retranscrit et qui nous permet aujourd&rsquo;hui de les d\u00e9couvrir sur le site \u00ab\u00a0<a href=\"http:\/\/www.rv37.fr\" target=\"_blank\" rel=\"noopener noreferrer\">rendez-vous au 37<\/a>\u00ab\u00a0.<\/p>\n<p>En hommage et \u00e0 la m\u00e9moire d&rsquo;Henri nous essayons aujourd&rsquo;hui de reproduire les randonn\u00e9es qu&rsquo;il a effectu\u00e9 il y a plus de cent ans: Les <a href=\"http:\/\/www.rv37.fr\/?page_id=58\" target=\"_blank\" rel=\"noopener noreferrer\">sorties dominicales autour de Paris <\/a>ainsi que les <a href=\"http:\/\/www.rv37.fr\/?page_id=56\" target=\"_blank\" rel=\"noopener noreferrer\">grands voyages annuels<\/a>.<\/p>\n<p>Si la topographie des routes a bien chang\u00e9 en un si\u00e8cle (les petites routes emprunt\u00e9es alors sont souvent devenues des nationales ou autoroutes!), les itin\u00e9raires d&rsquo;Henri sont souvent voisins du sch\u00e9ma des v\u00e9loroutes et voies vertes actuel. On a donc jug\u00e9 utile de refaire ses randonn\u00e9es en utilisant les infrastructures v\u00e9lo d&rsquo;aujourd&rsquo;hui et de les d\u00e9crire et les rendre accessible depuis le site v\u00e9locanauxdodo.&nbsp;<\/p>\n<p><img loading=\"lazy\" decoding=\"async\" width=\"48\" height=\"48\" class=\"alignleft size-full wp-image-684\" alt=\"\" src=\"http:\/\/www.velocanauxdodo.fr\/wp-content\/uploads\/danger-e1428042927280.gif\"><\/p>\n<p>&nbsp;<\/p>\n<p>Inconditionnels du roulage \u00e0 plat, attention! certains tron\u00e7ons peuvent comporter des c\u00f4tes, et des belles!<\/p>\n<p>&nbsp;<\/p>\n<h3>Les grands voyages annuels:<\/h3>\n<p>&nbsp;<br \/>\n<!--%subpages%--><\/p>\n","protected":false},"excerpt":{"rendered":"<p>Entre 1889 et 1910, un jeune cycliste Parisien tient un journal de ses randonn\u00e9es \u00e0 v\u00e9lo. Les carnets d&rsquo;Henri Andr\u00e9 ont \u00e9t\u00e9 retrouv\u00e9 par Marc Schrevel, autre v\u00e9locanauxrandodoneur, qui les a retranscrit et qui nous permet aujourd&rsquo;hui de les d\u00e9couvrir sur le site \u00ab rendez-vous au 37\u00ab .<\/p>\n<p>En hommage et \u00e0 la m\u00e9moire d&rsquo;Henri [&#8230;]<\/p>\n","protected":false},"author":1,"featured_media":0,"parent":0,"menu_order":0,"comment_status":"closed","ping_status":"closed","template":"","meta":{"ngg_post_thumbnail":0,"footnotes":""},"class_list":["post-6217","page","type-page","status-publish","hentry","odd"],"_links":{"self":[{"href":"http:\/\/www.velocanauxdodo.fr\/index.php?rest_route=\/wp\/v2\/pages\/6217","targetHints":{"allow":["GET"]}}],"collection":[{"href":"http:\/\/www.velocanauxdodo.fr\/index.php?rest_route=\/wp\/v2\/pages"}],"about":[{"href":"http:\/\/www.velocanauxdodo.fr\/index.php?rest_route=\/wp\/v2\/types\/page"}],"author":[{"embeddable":true,"href":"http:\/\/www.velocanauxdodo.fr\/index.php?rest_route=\/wp\/v2\/users\/1"}],"replies":[{"embeddable":true,"href":"http:\/\/www.velocanauxdodo.fr\/index.php?rest_route=%2Fwp%2Fv2%2Fcomments&post=6217"}],"version-history":[{"count":6,"href":"http:\/\/www.velocanauxdodo.fr\/index.php?rest_route=\/wp\/v2\/pages\/6217\/revisions"}],"predecessor-version":[{"id":6224,"href":"http:\/\/www.velocanauxdodo.fr\/index.php?rest_route=\/wp\/v2\/pages\/6217\/revisions\/6224"}],"wp:attachment":[{"href":"http:\/\/www.velocanauxdodo.fr\/index.php?rest_route=%2Fwp%2Fv2%2Fmedia&parent=6217"}],"curies":[{"name":"wp","href":"https:\/\/api.w.org\/{rel}","templated":true}]}}