{"id":7321,"date":"2021-05-17T14:28:47","date_gmt":"2021-05-17T13:28:47","guid":{"rendered":"http:\/\/www.velocanauxdodo.fr\/?page_id=7321"},"modified":"2021-05-19T06:59:50","modified_gmt":"2021-05-19T05:59:50","slug":"massy-rambouillet","status":"publish","type":"page","link":"http:\/\/www.velocanauxdodo.fr\/?page_id=7321","title":{"rendered":"Massy &#8211; Rambouillet"},"content":{"rendered":"<p style=\"text-align: right;\"><a href=\"http:\/\/www.velocanauxdodo.fr\/?page_id=7321&amp;print=1\" title=\"Imprimer cet article\" rel=\"nofollow\"><img decoding=\"async\" class=\"WP-PrintIcon\" src=\"http:\/\/www.velocanauxdodo.fr\/wp-content\/plugins\/wp-print\/images\/print.gif\" alt=\"Imprimer cet article\" title=\"Imprimer cet article\" style=\"border: 0px;\" \/><\/a>&nbsp;<a href=\"http:\/\/www.velocanauxdodo.fr\/?page_id=7321&amp;print=1\" title=\"Imprimer cet article\" rel=\"nofollow\">Imprimer cet article<\/a><\/p>\n<h5>Par un presque beau WE de d\u00e9but mai 2021. Un aller et retour sur 2 jours de Massy \u00e0 Rambouillet.<\/h5>\n<h2>Itin\u00e9raire pr\u00e9vu<\/h2>\n<p>Aller de Massy \u00e0 Rambouillet en prenant un des itin\u00e9raires officiels de la v\u00e9losc\u00e9nie par Limours. Retour par l&rsquo;itin\u00e9raire dit de Versailles, am\u00e9nag\u00e9 en passant par la Bi\u00e8vres. Ces 2 itin\u00e9raires permettent \u00e0 Massy de rejoindre la coul\u00e9e verte qui m\u00e8ne \u00e0 Paris Montparnasse.<\/p>\n<h2>&nbsp;Les \u00e9tapes<\/h2>\n<h3 style=\"text-align: left;\">Massy \u2192 Rambouillet&nbsp; (63 km)<\/h3>\n<div id=\"attachment_7322\" style=\"width: 310px\" class=\"wp-caption alignleft\"><a href=\"http:\/\/www.velocanauxdodo.fr\/wp-content\/uploads\/20210507_104344-P5070398-640x361.jpg\"><img loading=\"lazy\" decoding=\"async\" aria-describedby=\"caption-attachment-7322\" class=\"size-medium wp-image-7322\" src=\"http:\/\/www.velocanauxdodo.fr\/wp-content\/uploads\/20210507_104344-P5070398-640x361-300x169.jpg\" alt=\"\" width=\"300\" height=\"169\" srcset=\"http:\/\/www.velocanauxdodo.fr\/wp-content\/uploads\/20210507_104344-P5070398-640x361-300x169.jpg 300w, http:\/\/www.velocanauxdodo.fr\/wp-content\/uploads\/20210507_104344-P5070398-640x361-150x85.jpg 150w, http:\/\/www.velocanauxdodo.fr\/wp-content\/uploads\/20210507_104344-P5070398-640x361-400x226.jpg 400w, http:\/\/www.velocanauxdodo.fr\/wp-content\/uploads\/20210507_104344-P5070398-640x361.jpg 640w\" sizes=\"auto, (max-width: 300px) 100vw, 300px\" \/><\/a><p id=\"caption-attachment-7322\" class=\"wp-caption-text\">Sur le viaduc des Fauvettes<\/p><\/div>\n<p>D\u00e9part 9H30 vers Palaiseau d&rsquo;o\u00f9 on va suivre l&rsquo;Yvette jusqu&rsquo;\u00e0 Orsay. Route pour traverser Orsay puis Bures o\u00f9 on attrape l&rsquo;ancienne voie de Chartres. Tunnel de Monjay, viaduc des Fauvettes puis jusqu&rsquo;\u00e0 Gometz, Limours (ligne de l&rsquo;a\u00e9rotrain) . Apr\u00e8s Limours alternance de petites routes et chemins jusqu&rsquo;\u00e0 l&rsquo;or\u00e9e de la for\u00eat de Rambouillet.&nbsp; A l&rsquo;entr\u00e9e du parc du ch\u00e2teau \u00e0 16H. Installation \u00e0 l&rsquo;h\u00f4tel et d\u00eener MacDo \u00e0 emporter.&nbsp;<\/p>\n<p style=\"text-align: left;\"><img loading=\"lazy\" decoding=\"async\" class=\"alignleft size-full wp-image-406\" src=\"http:\/\/www.velocanauxdodo.fr\/wp-content\/uploads\/oui.gif\" alt=\"\" width=\"48\" height=\"32\">Nuit \u00e0 l&rsquo;h\u00f4tel Ibis Budget. Toujours un bon accueil pour les cyclistes. Faute de place, nos v\u00e9los dormiront avec nous dans la chambre PMR (plus grande et libre)..&nbsp;<\/p>\n<h3>Rambouillet \u2192 Massy (69 km)<\/h3>\n<div id=\"attachment_7353\" style=\"width: 179px\" class=\"wp-caption alignright\"><img loading=\"lazy\" decoding=\"async\" aria-describedby=\"caption-attachment-7353\" class=\"size-medium wp-image-7353\" src=\"http:\/\/www.velocanauxdodo.fr\/wp-content\/uploads\/20210508_100139-Tata-360x640-169x300.jpg\" alt=\"\" width=\"169\" height=\"300\" srcset=\"http:\/\/www.velocanauxdodo.fr\/wp-content\/uploads\/20210508_100139-Tata-360x640-169x300.jpg 169w, http:\/\/www.velocanauxdodo.fr\/wp-content\/uploads\/20210508_100139-Tata-360x640-84x150.jpg 84w, http:\/\/www.velocanauxdodo.fr\/wp-content\/uploads\/20210508_100139-Tata-360x640.jpg 360w\" sizes=\"auto, (max-width: 169px) 100vw, 169px\" \/><p id=\"caption-attachment-7353\" class=\"wp-caption-text\">En for\u00eat<\/p><\/div>\n<p>Petit d\u00e9jeuner Covid servi sur un plateau en chambre. D\u00e9part 9H par l&rsquo;itin\u00e9raire officiel jusqu&rsquo;\u00e0 l&rsquo;\u00e9tang de la Tour o\u00f9 on le quitte pour rejoindre Auffargis. On emprunte alors la route des 500 arpents, petite voie qui serpente sur 6 km dans les bois au dessus des Vaux de Cernay. Descente sportive vers la vall\u00e9e et remont\u00e9e sur Cernay-la-Ville. On retrouve l&rsquo;itin\u00e9raire officiel qu&rsquo;on laisse bien vite pour rouler vers Boulay-les-Trous. Descente vers St-R\u00e9my-L\u00e8s-Chevreuse par l&rsquo;ancien tron\u00e7on de la ligne de Sceaux qui allait jusqu&rsquo;\u00e0 Limours. Beaux am\u00e9nagements; voie et aires de pique-nique. On retrouve l&rsquo;itin\u00e9raire officiel qui nous m\u00e8ne par de belles pistes cyclable jusqu&rsquo;\u00e0 Guyancourt. On quitte l&rsquo;itin\u00e9raire pour descendre dans la vall\u00e9e de la Bi\u00e8vres qu&rsquo;on va suivre jusqu&rsquo;\u00e0 Massy. Attention: certains passages \u00e9troits sont interdits aux v\u00e9los: prendre la route.<\/p>\n<p>NB: \u00e0 St-R\u00e9my on peut prendre le RER jusqu&rsquo;\u00e0 Paris.<\/p>\n<h2 style=\"text-align: left;\">Le parcours&nbsp;<\/h2>\n<p style=\"text-align: left;\">Ci-dessous la trace du parcours.<\/p>\n<p style=\"text-align: left;\">Les&nbsp;traces GPS&nbsp; sont disponibles dans le menu <a href=\"\/?page_id=262\">t\u00e9l\u00e9chargements<\/a>.<\/p>\n<p><center>[map kml=\u00a0\u00bbhttp:\/\/www.velocanauxdodo.fr\/wp-content\/gpstraces\/rambouillet.kmz\u00a0\u00bb style=\u00a0\u00bbwidth:800px; height:500px; border:2px solid black; margin:20px 20px 20px 20px;\u00a0\u00bb z=\u00a0\u00bb11&Prime;]<\/center><\/p>\n<h2>La documentation:<\/h2>\n<p><div class=\"note\"><div class=\"noteclassic\"><\/p>\n<p>Les itin\u00e9raires officiels dur le <a href=\"https:\/\/www.veloscenie.com\/itineraire\" target=\"_blank\" rel=\"noopener\">site de la v\u00e9losc\u00e9nie<\/a><\/p>\n<p><\/div><\/div><\/p>\n<\/p>\n<h2 style=\"text-align: left;\">Photos<\/h2>\n<p style=\"text-align: left;\">ngg_shortcode_0_placeholder<\/p>\n<p style=\"text-align: left;\">\n<p style=\"text-align: right;\"><a href=\"http:\/\/www.velocanauxdodo.fr\/?page_id=7321&amp;print=1\" title=\"Imprimer cet article\" rel=\"nofollow\"><img decoding=\"async\" class=\"WP-PrintIcon\" src=\"http:\/\/www.velocanauxdodo.fr\/wp-content\/plugins\/wp-print\/images\/print.gif\" alt=\"Imprimer cet article\" title=\"Imprimer cet article\" style=\"border: 0px;\" \/><\/a>&nbsp;<a href=\"http:\/\/www.velocanauxdodo.fr\/?page_id=7321&amp;print=1\" title=\"Imprimer cet article\" rel=\"nofollow\">Imprimer cet article<\/a><\/p>\n","protected":false},"excerpt":{"rendered":"<p style=\"text-align: right;\">&nbsp;Imprimer cet article<\/p>\n<p> Par un presque beau WE de d\u00e9but mai 2021. Un aller et retour sur 2 jours de Massy \u00e0 Rambouillet. Itin\u00e9raire pr\u00e9vu <\/p>\n<p>Aller de Massy \u00e0 Rambouillet en prenant un des itin\u00e9raires officiels de la v\u00e9losc\u00e9nie par Limours. Retour par l&rsquo;itin\u00e9raire dit de Versailles, am\u00e9nag\u00e9 en passant par la Bi\u00e8vres. [&#8230;]<\/p>\n","protected":false},"author":3,"featured_media":0,"parent":1251,"menu_order":0,"comment_status":"closed","ping_status":"closed","template":"","meta":{"ngg_post_thumbnail":0,"footnotes":""},"class_list":["post-7321","page","type-page","status-publish","hentry","odd"],"_links":{"self":[{"href":"http:\/\/www.velocanauxdodo.fr\/index.php?rest_route=\/wp\/v2\/pages\/7321","targetHints":{"allow":["GET"]}}],"collection":[{"href":"http:\/\/www.velocanauxdodo.fr\/index.php?rest_route=\/wp\/v2\/pages"}],"about":[{"href":"http:\/\/www.velocanauxdodo.fr\/index.php?rest_route=\/wp\/v2\/types\/page"}],"author":[{"embeddable":true,"href":"http:\/\/www.velocanauxdodo.fr\/index.php?rest_route=\/wp\/v2\/users\/3"}],"replies":[{"embeddable":true,"href":"http:\/\/www.velocanauxdodo.fr\/index.php?rest_route=%2Fwp%2Fv2%2Fcomments&post=7321"}],"version-history":[{"count":7,"href":"http:\/\/www.velocanauxdodo.fr\/index.php?rest_route=\/wp\/v2\/pages\/7321\/revisions"}],"predecessor-version":[{"id":7354,"href":"http:\/\/www.velocanauxdodo.fr\/index.php?rest_route=\/wp\/v2\/pages\/7321\/revisions\/7354"}],"up":[{"embeddable":true,"href":"http:\/\/www.velocanauxdodo.fr\/index.php?rest_route=\/wp\/v2\/pages\/1251"}],"wp:attachment":[{"href":"http:\/\/www.velocanauxdodo.fr\/index.php?rest_route=%2Fwp%2Fv2%2Fmedia&parent=7321"}],"curies":[{"name":"wp","href":"https:\/\/api.w.org\/{rel}","templated":true}]}}