{"id":7582,"date":"2021-09-16T06:54:31","date_gmt":"2021-09-16T05:54:31","guid":{"rendered":"http:\/\/www.velocanauxdodo.fr\/?page_id=7582"},"modified":"2021-09-16T10:13:11","modified_gmt":"2021-09-16T09:13:11","slug":"rigoles","status":"publish","type":"page","link":"http:\/\/www.velocanauxdodo.fr\/?page_id=7582","title":{"rendered":"Rigoles"},"content":{"rendered":"<p>&nbsp;<\/p>\n<p>Parmi les ouvrages n\u00e9cessaires au fonctionnement d&rsquo;un canal il en est un, m\u00e9connu, souvent invisible mais indispensable pour son existence m\u00eame. Outre la tranch\u00e9e, tout le monde connait ce qu&rsquo;est une \u00e9cluse et son fonctionnement et donc le bief partie plane entre deux \u00e9cluses. Tout le monde admire les tunnels qui transpercent les collines, les ponts canaux qui enjambent les fleuves. A v\u00e9lo ou \u00e0 pied, nous randonnons sur les chemins de halage.&nbsp; Le d\u00e9versoir est d\u00e9j\u00e0 moins connu, mais le nom m\u00eame nous indique qu&rsquo;il doit servir \u00e0 \u00e9vacuer le trop plein d&rsquo;un bief. Mais d&rsquo;o\u00f9 vient l&rsquo;eau? Pour une rivi\u00e8re, on sait remonter jusqu&rsquo;\u00e0 la source, mais pour un canal o\u00f9 est la source? C&rsquo;est le r\u00f4le de la (ou des) rigole(s) d&rsquo;alimentation qui permettent l&rsquo;alimentation en eau du canal par d\u00e9clivit\u00e9 naturelle<\/p>\n<p>En sch\u00e9matisant, il existe deux types de canaux. Le canal lat\u00e9ral et le canal de jonction.<\/p>\n<ul>\n<li>Le canal lat\u00e9ral suit le cours d&rsquo;une rivi\u00e8re sur toute sa longueur ou pour contourner certaines parties difficilement navigables. Le canal est facilement aliment\u00e9 par la rivi\u00e8re elle m\u00eame en prenant l&rsquo;eau en amont d&rsquo;un bief.<\/li>\n<li>Le canal de jonction permet&nbsp; de relier deux bassins, par exemple la Seine et la Loire. Le canal de Briare est le premier canal de jonction au monde \u00e0 avoir \u00e9t\u00e9 r\u00e9alis\u00e9 (1642). On comprend bien que pour relier les 2 vall\u00e9es il va falloir passer par un point haut: le seuil (petit col!) qui doit imp\u00e9rativement \u00eatre aliment\u00e9 en permanence pour assurer la continuit\u00e9 du canal. Pour le canal de Briare il a fallu creuser des \u00e9tangs pour r\u00e9cup\u00e9rer les eaux de ruiss\u00e8lement et un r\u00e9seau de rigoles pour amener cette eau ainsi que celle du Loing vers le bief de partage.<\/li>\n<\/ul>\n<p>A partir du XIX<sup>\u00e8me<\/sup>&nbsp; si\u00e8cle des pompes \u00e0 vapeur permirent de remonter des eaux avec de meilleurs d\u00e9bits et une continuit\u00e9 saisonni\u00e8re que ne pouvaient pas fournir les rigoles (canal de Briare par exemple). Mais certaines fonctionnent encore (rigole de la Plaine sur le canal du midi).<\/p>\n<p>On pourra trouver d&rsquo;autres informations les canaux et rigoles sur Wikipedia <a href=\"https:\/\/fr.wikipedia.org\/wiki\/Rigole#Rigole_de_canal\" target=\"_blank\" rel=\"noopener\">ici<\/a> et <a href=\"https:\/\/fr.wikipedia.org\/wiki\/Canal_(voie_d%27eau)\" target=\"_blank\" rel=\"noopener\">l\u00e0<\/a>&nbsp;et sur le <a href=\"https:\/\/fr.wikipedia.org\/wiki\/Canal_de_Briare#Bief_de_partage,_alimentation\" target=\"_blank\" rel=\"noopener\">canal de Briare<\/a>.<\/p>\n<p><!--%subpages%--><\/p>\nngg_shortcode_0_placeholder\n","protected":false},"excerpt":{"rendered":"<p>&nbsp;<\/p>\n<p>Parmi les ouvrages n\u00e9cessaires au fonctionnement d&rsquo;un canal il en est un, m\u00e9connu, souvent invisible mais indispensable pour son existence m\u00eame. Outre la tranch\u00e9e, tout le monde connait ce qu&rsquo;est une \u00e9cluse et son fonctionnement et donc le bief partie plane entre deux \u00e9cluses. Tout le monde admire les tunnels qui transpercent les collines, [&#8230;]<\/p>\n","protected":false},"author":3,"featured_media":0,"parent":0,"menu_order":0,"comment_status":"open","ping_status":"closed","template":"","meta":{"ngg_post_thumbnail":0,"footnotes":""},"class_list":["post-7582","page","type-page","status-publish","hentry","odd"],"_links":{"self":[{"href":"http:\/\/www.velocanauxdodo.fr\/index.php?rest_route=\/wp\/v2\/pages\/7582","targetHints":{"allow":["GET"]}}],"collection":[{"href":"http:\/\/www.velocanauxdodo.fr\/index.php?rest_route=\/wp\/v2\/pages"}],"about":[{"href":"http:\/\/www.velocanauxdodo.fr\/index.php?rest_route=\/wp\/v2\/types\/page"}],"author":[{"embeddable":true,"href":"http:\/\/www.velocanauxdodo.fr\/index.php?rest_route=\/wp\/v2\/users\/3"}],"replies":[{"embeddable":true,"href":"http:\/\/www.velocanauxdodo.fr\/index.php?rest_route=%2Fwp%2Fv2%2Fcomments&post=7582"}],"version-history":[{"count":6,"href":"http:\/\/www.velocanauxdodo.fr\/index.php?rest_route=\/wp\/v2\/pages\/7582\/revisions"}],"predecessor-version":[{"id":7607,"href":"http:\/\/www.velocanauxdodo.fr\/index.php?rest_route=\/wp\/v2\/pages\/7582\/revisions\/7607"}],"wp:attachment":[{"href":"http:\/\/www.velocanauxdodo.fr\/index.php?rest_route=%2Fwp%2Fv2%2Fmedia&parent=7582"}],"curies":[{"name":"wp","href":"https:\/\/api.w.org\/{rel}","templated":true}]}}