{"id":7598,"date":"2021-09-16T09:59:39","date_gmt":"2021-09-16T08:59:39","guid":{"rendered":"http:\/\/www.velocanauxdodo.fr\/?page_id=7598"},"modified":"2021-09-22T05:19:37","modified_gmt":"2021-09-22T04:19:37","slug":"rigole-de-la-plaine","status":"publish","type":"page","link":"http:\/\/www.velocanauxdodo.fr\/?page_id=7598","title":{"rendered":"Rigole de la Plaine"},"content":{"rendered":"<p style=\"text-align: right;\"><a href=\"http:\/\/www.velocanauxdodo.fr\/?page_id=7598&amp;print=1\" title=\"Imprimer cet article\" rel=\"nofollow\"><img decoding=\"async\" class=\"WP-PrintIcon\" src=\"http:\/\/www.velocanauxdodo.fr\/wp-content\/plugins\/wp-print\/images\/print.gif\" alt=\"Imprimer cet article\" title=\"Imprimer cet article\" style=\"border: 0px;\" \/><\/a>&nbsp;<a href=\"http:\/\/www.velocanauxdodo.fr\/?page_id=7598&amp;print=1\" title=\"Imprimer cet article\" rel=\"nofollow\">Imprimer cet article<\/a><\/p>\n<div id=\"attachment_7664\" style=\"width: 275px\" class=\"wp-caption alignleft\"><a href=\"http:\/\/www.velocanauxdodo.fr\/wp-content\/uploads\/20161011_160536-DSC01333-1024x767.jpg\" target=\"_blank\" rel=\"noopener\"><img loading=\"lazy\" decoding=\"async\" aria-describedby=\"caption-attachment-7664\" class=\"wp-image-7664\" src=\"http:\/\/www.velocanauxdodo.fr\/wp-content\/uploads\/20161011_160536-DSC01333-1024x767-300x225.jpg\" alt=\"\" width=\"265\" height=\"199\" srcset=\"http:\/\/www.velocanauxdodo.fr\/wp-content\/uploads\/20161011_160536-DSC01333-1024x767-300x225.jpg 300w, http:\/\/www.velocanauxdodo.fr\/wp-content\/uploads\/20161011_160536-DSC01333-1024x767-768x575.jpg 768w, http:\/\/www.velocanauxdodo.fr\/wp-content\/uploads\/20161011_160536-DSC01333-1024x767.jpg 1024w, http:\/\/www.velocanauxdodo.fr\/wp-content\/uploads\/20161011_160536-DSC01333-1024x767-150x112.jpg 150w, http:\/\/www.velocanauxdodo.fr\/wp-content\/uploads\/20161011_160536-DSC01333-1024x767-400x300.jpg 400w\" sizes=\"auto, (max-width: 265px) 100vw, 265px\" \/><\/a><p id=\"caption-attachment-7664\" class=\"wp-caption-text\">Cliquer sur l&rsquo;image pour l&rsquo;agrandir<\/p><\/div>\n<div id=\"attachment_7665\" style=\"width: 210px\" class=\"wp-caption alignright\"><img loading=\"lazy\" decoding=\"async\" aria-describedby=\"caption-attachment-7665\" class=\"wp-image-7665 size-medium\" src=\"http:\/\/www.velocanauxdodo.fr\/wp-content\/uploads\/20161011_174550-DSC01356-427x640-200x300.jpg\" alt=\"\" width=\"200\" height=\"300\" srcset=\"http:\/\/www.velocanauxdodo.fr\/wp-content\/uploads\/20161011_174550-DSC01356-427x640-200x300.jpg 200w, http:\/\/www.velocanauxdodo.fr\/wp-content\/uploads\/20161011_174550-DSC01356-427x640-100x150.jpg 100w, http:\/\/www.velocanauxdodo.fr\/wp-content\/uploads\/20161011_174550-DSC01356-427x640-400x600.jpg 400w, http:\/\/www.velocanauxdodo.fr\/wp-content\/uploads\/20161011_174550-DSC01356-427x640.jpg 427w\" sizes=\"auto, (max-width: 200px) 100vw, 200px\" \/><p id=\"caption-attachment-7665\" class=\"wp-caption-text\">Une borne<\/p><\/div>\n<p>&nbsp;<\/p>\n<p>La rigole de la Plaine alimente le canal du midi&nbsp; au bief de partage \u00e0 Naurouze.&nbsp;<\/p>\n<p>A v\u00e9lo en octobre 2016 du seuil de Naurouze \u00e0 Revel puis mont\u00e9e au lac de St F\u00e9rr\u00e9ol.&nbsp;<\/p>\n<p>Beau parcours de 32 km entre champs et for\u00eat sur un chemin agr\u00e9able et ombrag\u00e9.&nbsp;<\/p>\n<p>&nbsp;<\/p>\n<p>&nbsp;<\/p>\n<p>&nbsp;<\/p>\n<h2 style=\"text-align: left;\">Le parcours&nbsp;<img loading=\"lazy\" decoding=\"async\" class=\"wp-image-7663 alignleft\" src=\"http:\/\/www.velocanauxdodo.fr\/wp-content\/uploads\/20161011_173548-DSC01353-640x400-300x188.jpg\" alt=\"\" width=\"217\" height=\"136\" srcset=\"http:\/\/www.velocanauxdodo.fr\/wp-content\/uploads\/20161011_173548-DSC01353-640x400-300x188.jpg 300w, http:\/\/www.velocanauxdodo.fr\/wp-content\/uploads\/20161011_173548-DSC01353-640x400-150x94.jpg 150w, http:\/\/www.velocanauxdodo.fr\/wp-content\/uploads\/20161011_173548-DSC01353-640x400-400x250.jpg 400w, http:\/\/www.velocanauxdodo.fr\/wp-content\/uploads\/20161011_173548-DSC01353-640x400.jpg 640w\" sizes=\"auto, (max-width: 217px) 100vw, 217px\" \/><\/h2>\n<p style=\"text-align: left;\">Ci-dessous la trace du parcours.<\/p>\n<p style=\"text-align: left;\">Les&nbsp;traces GPS&nbsp; sont disponibles dans le menu <a href=\"\/?page_id=262\">t\u00e9l\u00e9chargements<\/a>.<\/p>\n<p><center>[map kml=\u00a0\u00bbhttp:\/\/www.velocanauxdodo.fr\/wp-content\/gpstraces\/plaine200921-2.kml\u00a0\u00bb style=\u00a0\u00bbwidth:600px; height:400px; border:2px solid black; margin:20px 20px 20px 20px;\u00a0\u00bb z=\u00a0\u00bb12&Prime;;&nbsp; elevation=\u00a0\u00bbyes\u00a0\u00bb; download=\u00a0\u00bbyes\u00a0\u00bb]<\/center><\/p>\n<h2>La documentation:<\/h2>\n<p><div class=\"note\"><div class=\"noteclassic\"><\/p>\n<p>Les sites<\/p>\n<p><a href=\"http:\/\/www.canaldumidi.com\/Lauragais\/Rigole-de-la-Plaine\/Rigole-de-la-Plaine.php\" target=\"_blank\" rel=\"noopener\">Canal du Midi &#8211; Lauragais &#8211; La Rigole de la Plaine<\/a><\/p>\n<p><a href=\"https:\/\/le-petit-cyclo.com\/canal-du-midi-a-velo\/rigoles-de-la-plaine\" target=\"_blank\" rel=\"noopener\">Canal du Midi : Rigole de la plaine et Montagne noire. &#8211; Le Petit Cyclo. (le-petit-cyclo.com)<\/a><\/p>\n<p><\/div><\/div><\/p>\n<\/p>\n<h2 style=\"text-align: left;\">Photos<\/h2>\n<p style=\"text-align: left;\">ngg_shortcode_0_placeholder<\/p>\n<p style=\"text-align: left;\">\n<p style=\"text-align: right;\">&nbsp;<\/p>\n<p>&nbsp;<\/p>\n<p style=\"text-align: right;\"><a href=\"http:\/\/www.velocanauxdodo.fr\/?page_id=7598&amp;print=1\" title=\"Imprimer cet article\" rel=\"nofollow\"><img decoding=\"async\" class=\"WP-PrintIcon\" src=\"http:\/\/www.velocanauxdodo.fr\/wp-content\/plugins\/wp-print\/images\/print.gif\" alt=\"Imprimer cet article\" title=\"Imprimer cet article\" style=\"border: 0px;\" \/><\/a>&nbsp;<a href=\"http:\/\/www.velocanauxdodo.fr\/?page_id=7598&amp;print=1\" title=\"Imprimer cet article\" rel=\"nofollow\">Imprimer cet article<\/a><\/p>\n","protected":false},"excerpt":{"rendered":"<p style=\"text-align: right;\">&nbsp;Imprimer cet article<\/p>\n<p id=\"caption-attachment-7664\" class=\"wp-caption-text\">Cliquer sur l&rsquo;image pour l&rsquo;agrandir<\/p>\n<p id=\"caption-attachment-7665\" class=\"wp-caption-text\">Une borne<\/p>\n<p>&nbsp;<\/p>\n<p>La rigole de la Plaine alimente le canal du midi&nbsp; au bief de partage \u00e0 Naurouze.&nbsp;<\/p>\n<p>A v\u00e9lo en octobre 2016 du seuil de Naurouze \u00e0 Revel puis mont\u00e9e au lac de St F\u00e9rr\u00e9ol.&nbsp;<\/p>\n<p>Beau parcours de 32 [&#8230;]<\/p>\n","protected":false},"author":3,"featured_media":0,"parent":7582,"menu_order":0,"comment_status":"closed","ping_status":"closed","template":"","meta":{"ngg_post_thumbnail":0,"footnotes":""},"class_list":["post-7598","page","type-page","status-publish","hentry","odd"],"_links":{"self":[{"href":"http:\/\/www.velocanauxdodo.fr\/index.php?rest_route=\/wp\/v2\/pages\/7598","targetHints":{"allow":["GET"]}}],"collection":[{"href":"http:\/\/www.velocanauxdodo.fr\/index.php?rest_route=\/wp\/v2\/pages"}],"about":[{"href":"http:\/\/www.velocanauxdodo.fr\/index.php?rest_route=\/wp\/v2\/types\/page"}],"author":[{"embeddable":true,"href":"http:\/\/www.velocanauxdodo.fr\/index.php?rest_route=\/wp\/v2\/users\/3"}],"replies":[{"embeddable":true,"href":"http:\/\/www.velocanauxdodo.fr\/index.php?rest_route=%2Fwp%2Fv2%2Fcomments&post=7598"}],"version-history":[{"count":4,"href":"http:\/\/www.velocanauxdodo.fr\/index.php?rest_route=\/wp\/v2\/pages\/7598\/revisions"}],"predecessor-version":[{"id":7680,"href":"http:\/\/www.velocanauxdodo.fr\/index.php?rest_route=\/wp\/v2\/pages\/7598\/revisions\/7680"}],"up":[{"embeddable":true,"href":"http:\/\/www.velocanauxdodo.fr\/index.php?rest_route=\/wp\/v2\/pages\/7582"}],"wp:attachment":[{"href":"http:\/\/www.velocanauxdodo.fr\/index.php?rest_route=%2Fwp%2Fv2%2Fmedia&parent=7598"}],"curies":[{"name":"wp","href":"https:\/\/api.w.org\/{rel}","templated":true}]}}