{"id":7698,"date":"2021-10-12T11:05:16","date_gmt":"2021-10-12T10:05:16","guid":{"rendered":"http:\/\/www.velocanauxdodo.fr\/?page_id=7698"},"modified":"2021-10-14T15:00:27","modified_gmt":"2021-10-14T14:00:27","slug":"rigoles-du-canal-de-briare","status":"publish","type":"page","link":"http:\/\/www.velocanauxdodo.fr\/?page_id=7698","title":{"rendered":"Rigoles du canal de Briare"},"content":{"rendered":"<p style=\"text-align: right;\"><a href=\"http:\/\/www.velocanauxdodo.fr\/?page_id=7698&amp;print=1\" title=\"Imprimer cet article\" rel=\"nofollow\"><img decoding=\"async\" class=\"WP-PrintIcon\" src=\"http:\/\/www.velocanauxdodo.fr\/wp-content\/plugins\/wp-print\/images\/print.gif\" alt=\"Imprimer cet article\" title=\"Imprimer cet article\" style=\"border: 0px;\" \/><\/a>&nbsp;<a href=\"http:\/\/www.velocanauxdodo.fr\/?page_id=7698&amp;print=1\" title=\"Imprimer cet article\" rel=\"nofollow\">Imprimer cet article<\/a><\/p>\n<p><img loading=\"lazy\" decoding=\"async\" class=\"alignright wp-image-7757\" src=\"http:\/\/www.velocanauxdodo.fr\/wp-content\/uploads\/20210925_100741-360x640.jpg\" alt=\"\" width=\"206\" height=\"307\" srcset=\"http:\/\/www.velocanauxdodo.fr\/wp-content\/uploads\/20210925_100741-360x640.jpg 346w, http:\/\/www.velocanauxdodo.fr\/wp-content\/uploads\/20210925_100741-360x640-202x300.jpg 202w, http:\/\/www.velocanauxdodo.fr\/wp-content\/uploads\/20210925_100741-360x640-101x150.jpg 101w\" sizes=\"auto, (max-width: 206px) 100vw, 206px\" \/>Le <a href=\"https:\/\/fr.wikipedia.org\/wiki\/Canal_de_Briare\" target=\"_blank\" rel=\"noopener\">Canal de Briare<\/a>, commenc\u00e9 en 1606 sous Henri IV f\u00fbt achev\u00e9 en 1642 sous Louis XIII. Permettant de relier les bassins de la Seine et de la Loire, il est le premier canal de jonction&nbsp; au monde. A ce titre, afin d&rsquo;alimenter les deux versant il devenait n\u00e9cessaire d&rsquo;amener &nbsp;l&rsquo;eau venant de plus haut au bief de partage. Un vaste r\u00e9seau de rigoles et d&rsquo;\u00e9tangs f\u00fbt cr\u00e9\u00e9 pour amener et stocker l&rsquo;eau venant de diff\u00e9rentes rivi\u00e8res (Loing, Tr\u00e9z\u00e9e&#8230;) et du ruiss\u00e8lement. voir&nbsp;<a href=\"https:\/\/simonszand.net\/Systeme%20Alimentation%20du%20Canal%20de%20Briare.pdf\" target=\"_blank\" rel=\"noopener\">Systeme Alimentation du Canal de Briare.pdf (simonszand.net)<\/a><\/p>\n<p>La rigole de Saint-priv\u00e9, captant les eaux du Loing, permettait d&rsquo;alimenter le versant Seine et notamment l&rsquo;\u00e9chelle d&rsquo;\u00e9cluses de Rogny (Les-7-Ecluses), les autres, dont celles des Beaurois et de Breteau alimentaient le vaste \u00e9tang de la Gazonne principal r\u00e9servoir du bief de partage. Ce r\u00e9seau est fonctionnel mais le principal apport d&rsquo;eau est fourni par l&rsquo;usine \u00e9l\u00e9vatoire de Briare cr\u00e9\u00e9e en 1895.<\/p>\n<p>Une boucle au d\u00e9part de Rogny (parking aux 7 \u00e9cluses), r\u00e9alis\u00e9e en septembre 2021, m&rsquo;a permis de suivre la rigole de St Priv\u00e9 et celle des Beaurois.&nbsp;<\/p>\n<h3>Rigole de Saint-Priv\u00e9 (20 km)<\/h3>\n<div id=\"attachment_7761\" style=\"width: 310px\" class=\"wp-caption alignleft\"><img loading=\"lazy\" decoding=\"async\" aria-describedby=\"caption-attachment-7761\" class=\"wp-image-7761 size-medium\" src=\"http:\/\/www.velocanauxdodo.fr\/wp-content\/uploads\/20210925_092203-DSC02587-640x360-300x169.jpg\" alt=\"\" width=\"300\" height=\"169\" srcset=\"http:\/\/www.velocanauxdodo.fr\/wp-content\/uploads\/20210925_092203-DSC02587-640x360-300x169.jpg 300w, http:\/\/www.velocanauxdodo.fr\/wp-content\/uploads\/20210925_092203-DSC02587-640x360-150x84.jpg 150w, http:\/\/www.velocanauxdodo.fr\/wp-content\/uploads\/20210925_092203-DSC02587-640x360-400x225.jpg 400w, http:\/\/www.velocanauxdodo.fr\/wp-content\/uploads\/20210925_092203-DSC02587-640x360.jpg 640w\" sizes=\"auto, (max-width: 300px) 100vw, 300px\" \/><p id=\"caption-attachment-7761\" class=\"wp-caption-text\">Rogny-les-sept-ecluses<\/p><\/div>\n<p>Mont\u00e9 le long des sept \u00e9cluses j&rsquo;ai suivi ensuite le sentier qui longe l&rsquo;ancien canal. Bien marqu\u00e9 au d\u00e9but, il disparait rapidement dans les broussailles et devient impraticable. J&rsquo;ai rejoins la rigole \u00e0 l&rsquo;intersection du canal avec les vestiges de l&rsquo;ancien en empruntant la D14.&nbsp;<\/p>\n<p>Le chemin semble entretenu mais reste assez difficile, herbeux (herbe rase en ce moment), avec quelques orni\u00e8res et parfois labour\u00e9 par les sangliers. Un VTC avec de bons pneus ou un VTT sont recommand\u00e9s. Principalement en for\u00eat et calme total (et zone blanche!). L&rsquo;eau rigole au canal tout du long. Beau parc \u00e0 l&rsquo;entr\u00e9e de St Priv\u00e9 \u00e9quip\u00e9 de tables puis arriv\u00e9e \u00e0 la prise d&rsquo;eau sur le Loing.<\/p>\n<p>&nbsp;<\/p>\n<h3>Rigole des Beaurois (16 km)<\/h3>\n<div id=\"attachment_7762\" style=\"width: 310px\" class=\"wp-caption alignright\"><img loading=\"lazy\" decoding=\"async\" aria-describedby=\"caption-attachment-7762\" class=\"wp-image-7762 size-medium\" src=\"http:\/\/www.velocanauxdodo.fr\/wp-content\/uploads\/20210925_131451-640x360-300x169.jpg\" alt=\"\" width=\"300\" height=\"169\" srcset=\"http:\/\/www.velocanauxdodo.fr\/wp-content\/uploads\/20210925_131451-640x360-300x169.jpg 300w, http:\/\/www.velocanauxdodo.fr\/wp-content\/uploads\/20210925_131451-640x360-150x84.jpg 150w, http:\/\/www.velocanauxdodo.fr\/wp-content\/uploads\/20210925_131451-640x360-400x225.jpg 400w, http:\/\/www.velocanauxdodo.fr\/wp-content\/uploads\/20210925_131451-640x360.jpg 640w\" sizes=\"auto, (max-width: 300px) 100vw, 300px\" \/><p id=\"caption-attachment-7762\" class=\"wp-caption-text\">Etang des Beaurois<\/p><\/div>\n<p>Liaison par de petites routes (9km) jusqu&rsquo;\u00e0 l&rsquo;\u00e9tang des Beaurois, premier r\u00e9servoir de la rigole.<\/p>\n<p>Le chemin qui la longe est beaucoup plus roulant; le suivre permet de d\u00e9couvrir le g\u00e9nie des concepteurs du 17\u00e8me si\u00e8cle: \u00e9tang artificiels et d\u00e9rivations pour les alimenter jusqu&rsquo;au grand r\u00e9servoir de la Gazonne qui alimente le canal au bief de partage.&nbsp;<\/p>\n<p>Retour vers Rogny par le halage du canal.<\/p>\n<h2 style=\"text-align: left;\">Le parcours&nbsp;<\/h2>\n<p style=\"text-align: left;\">Ci-dessous la trace du parcours.<\/p>\n<p style=\"text-align: left;\">Les&nbsp;traces GPS&nbsp; sont disponibles dans le menu <a href=\"\/?page_id=262\">t\u00e9l\u00e9chargements<\/a>.<\/p>\n<p><center>[map kml=\u00a0\u00bbhttp:\/\/www.velocanauxdodo.fr\/wp-content\/gpstraces\/rig-briare121021-1.kml\u00a0\u00bb style=\u00a0\u00bbwidth:900px; height:500px; border:2px solid black; margin:20px 20px 20px 20px;\u00a0\u00bb z=\u00a0\u00bb9&Prime;;&nbsp; elevation=\u00a0\u00bbyes\u00a0\u00bb; download=\u00a0\u00bbyes\u00a0\u00bb]<\/center><\/p>\n<h2>La documentation:<\/h2>\n<p><div class=\"note\"><div class=\"noteclassic\"><\/p>\n<p>Le site&nbsp;<a href=\"https:\/\/simonszand.net\/Alimentation%20du%20canal%20de%20Briare.html\">Plaisance Fluviale &#8211; Alimentation du Canal de Briare <\/a><\/p>\n<p>Le site&nbsp;<a href=\"https:\/\/www.vnf.fr\/vnf\/renovation-des-rigoles-dalimentation-en-eau-du-canal-de-briare-un-chantier-france-relance\/\">R\u00e9novation des rigoles d\u2019alimentation en eau du canal de Briare : un chantier France relance &#8211; VNF<\/a><\/p>\n<p><\/div><\/div><\/p>\n<\/p>\n<h2 style=\"text-align: left;\">Photos<\/h2>\n<p style=\"text-align: left;\">ngg_shortcode_0_placeholder<\/p>\n<p style=\"text-align: left;\">\n<p style=\"text-align: right;\">&nbsp;<\/p>\n<p>&nbsp;<\/p>\n<p style=\"text-align: right;\"><a href=\"http:\/\/www.velocanauxdodo.fr\/?page_id=7698&amp;print=1\" title=\"Imprimer cet article\" rel=\"nofollow\"><img decoding=\"async\" class=\"WP-PrintIcon\" src=\"http:\/\/www.velocanauxdodo.fr\/wp-content\/plugins\/wp-print\/images\/print.gif\" alt=\"Imprimer cet article\" title=\"Imprimer cet article\" style=\"border: 0px;\" \/><\/a>&nbsp;<a href=\"http:\/\/www.velocanauxdodo.fr\/?page_id=7698&amp;print=1\" title=\"Imprimer cet article\" rel=\"nofollow\">Imprimer cet article<\/a><\/p>\n","protected":false},"excerpt":{"rendered":"<p style=\"text-align: right;\">&nbsp;Imprimer cet article<\/p>\n<p>Le Canal de Briare, commenc\u00e9 en 1606 sous Henri IV f\u00fbt achev\u00e9 en 1642 sous Louis XIII. Permettant de relier les bassins de la Seine et de la Loire, il est le premier canal de jonction&nbsp; au monde. A ce titre, afin d&rsquo;alimenter les deux versant il devenait n\u00e9cessaire d&rsquo;amener [&#8230;]<\/p>\n","protected":false},"author":3,"featured_media":0,"parent":7582,"menu_order":0,"comment_status":"closed","ping_status":"closed","template":"","meta":{"ngg_post_thumbnail":0,"footnotes":""},"class_list":["post-7698","page","type-page","status-publish","hentry","odd"],"_links":{"self":[{"href":"http:\/\/www.velocanauxdodo.fr\/index.php?rest_route=\/wp\/v2\/pages\/7698","targetHints":{"allow":["GET"]}}],"collection":[{"href":"http:\/\/www.velocanauxdodo.fr\/index.php?rest_route=\/wp\/v2\/pages"}],"about":[{"href":"http:\/\/www.velocanauxdodo.fr\/index.php?rest_route=\/wp\/v2\/types\/page"}],"author":[{"embeddable":true,"href":"http:\/\/www.velocanauxdodo.fr\/index.php?rest_route=\/wp\/v2\/users\/3"}],"replies":[{"embeddable":true,"href":"http:\/\/www.velocanauxdodo.fr\/index.php?rest_route=%2Fwp%2Fv2%2Fcomments&post=7698"}],"version-history":[{"count":17,"href":"http:\/\/www.velocanauxdodo.fr\/index.php?rest_route=\/wp\/v2\/pages\/7698\/revisions"}],"predecessor-version":[{"id":7780,"href":"http:\/\/www.velocanauxdodo.fr\/index.php?rest_route=\/wp\/v2\/pages\/7698\/revisions\/7780"}],"up":[{"embeddable":true,"href":"http:\/\/www.velocanauxdodo.fr\/index.php?rest_route=\/wp\/v2\/pages\/7582"}],"wp:attachment":[{"href":"http:\/\/www.velocanauxdodo.fr\/index.php?rest_route=%2Fwp%2Fv2%2Fmedia&parent=7698"}],"curies":[{"name":"wp","href":"https:\/\/api.w.org\/{rel}","templated":true}]}}